{"id":1718,"date":"2025-12-19T15:25:22","date_gmt":"2025-12-19T15:25:22","guid":{"rendered":"https:\/\/www.carsnjoy.nl\/teilnahme\/"},"modified":"2026-02-23T14:28:46","modified_gmt":"2026-02-23T14:28:46","slug":"teilnahme","status":"publish","type":"page","link":"https:\/\/www.carsnjoy.nl\/de\/teilnahme\/","title":{"rendered":"Teilnahme"},"content":{"rendered":"<p>[et_pb_section fb_built=&#8220;1&#8243; module_class=&#8220;normal_page header-section arrow_down&#8220; _builder_version=&#8220;4.27.5&#8243; _module_preset=&#8220;default&#8220; background_enable_image=&#8220;off&#8220; global_colors_info=&#8220;{}&#8220;][et_pb_row column_structure=&#8220;1_2,1_2&#8243; _builder_version=&#8220;4.27.4&#8243; _module_preset=&#8220;default&#8220; global_colors_info=&#8220;{}&#8220;][et_pb_column type=&#8220;1_2&#8243; _builder_version=&#8220;4.27.4&#8243; _module_preset=&#8220;default&#8220; global_colors_info=&#8220;{}&#8220;][et_pb_text admin_label=&#8220;Intro&#8220; module_class=&#8220;intro&#8220; _builder_version=&#8220;4.27.5&#8243; _module_preset=&#8220;default&#8220; global_colors_info=&#8220;{}&#8220;]<\/p>\n<h1><strong>Teilnahme<\/strong><\/h1>\n<h2>Cars &#8217;n Joy Festival<\/h2>\n<p>Cars \u2019n Joy ist mehr als nur eine Autoshow. Zwei Tage. Ein Erlebnis. Genuss pur! Nimm teil an einem Wochenende voller Geschmack, Musik, Action, Design, Lifestyle, Familie, Freunde und nat\u00fcrlich einem Mix der au\u00dfergew\u00f6hnlichsten Autos, die du je zusammen gesehen hast.    <\/p>\n<p>[\/et_pb_text][et_pb_code _builder_version=&#8220;4.27.5&#8243; _module_preset=&#8220;default&#8220; global_colors_info=&#8220;{}&#8220;]<span class=\"pulse\"><\/span><span>Melde dich jetzt an, um am Cars &#8217;n Joy Festival teilzunehmen.<\/span>[\/et_pb_code][\/et_pb_column][et_pb_column type=&#8220;1_2&#8243; _builder_version=&#8220;4.27.4&#8243; _module_preset=&#8220;default&#8220; global_colors_info=&#8220;{}&#8220;][et_pb_image src=&#8220;https:\/\/www.carsnjoy.nl\/wp-content\/uploads\/2025\/12\/header-afbeelding-cars-n-joy-deelname.png&#8220; alt=&#8220;Melde dein Auto zum Cars &#039;n Joy Autofestival an&#8220; title_text=&#8220;Header-Bild Cars &#039;n Joy Teilnahme&#8220; _builder_version=&#8220;4.27.5&#8243; _module_preset=&#8220;default&#8220; global_colors_info=&#8220;{}&#8220;][\/et_pb_image][\/et_pb_column][\/et_pb_row][\/et_pb_section][et_pb_section fb_built=&#8220;1&#8243; _builder_version=&#8220;4.27.5&#8243; _module_preset=&#8220;default&#8220; global_colors_info=&#8220;{}&#8220;][et_pb_row _builder_version=&#8220;4.27.5&#8243; _module_preset=&#8220;default&#8220; global_colors_info=&#8220;{}&#8220;][et_pb_column type=&#8220;4_4&#8243; _builder_version=&#8220;4.27.5&#8243; _module_preset=&#8220;default&#8220; global_colors_info=&#8220;{}&#8220;][et_pb_text _builder_version=&#8220;4.27.5&#8243; _module_preset=&#8220;default&#8220; global_colors_info=&#8220;{}&#8220;]<\/p>\n<h1>Teilnahme<\/h1>\n<p>&nbsp;<\/p>\n<p>[\/et_pb_text][\/et_pb_column][\/et_pb_row][et_pb_row column_structure=&#8220;1_3,1_3,1_3&#8243; _builder_version=&#8220;4.27.5&#8243; _module_preset=&#8220;default&#8220; global_colors_info=&#8220;{}&#8220;][et_pb_column type=&#8220;1_3&#8243; _builder_version=&#8220;4.27.5&#8243; _module_preset=&#8220;default&#8220; global_colors_info=&#8220;{}&#8220;][et_pb_text admin_label=&#8220;Voor bedrijven&#8220; _builder_version=&#8220;4.27.5&#8243; _module_preset=&#8220;default&#8220; global_colors_info=&#8220;{}&#8220;]<\/p>\n<h2>F\u00fcr Unternehmen<\/h2>\n<p>Werde Aussteller oder Partner beim Cars \u2019n Joy Festival 2026. Triff mehr als 10.000 Besucher auf dem Automotive-, Lifestyle- und Food-Festival der Niederlande. <\/p>\n<p>&nbsp;<\/p>\n<a href='\/deelnemen-als-bedrijf' class='small-button smallblue'>Als Unternehmen teilnehmen<\/a>\n<p>[\/et_pb_text][et_pb_image src=&#8220;https:\/\/www.carsnjoy.nl\/wp-content\/uploads\/2025\/11\/pexels-lynxexotics-8664308.jpg&#8220; alt=&#8220;Supercar-Event&#8220; title_text=&#8220;Supercar-Event&#8220; _builder_version=&#8220;4.27.5&#8243; _module_preset=&#8220;default&#8220; global_colors_info=&#8220;{}&#8220;][\/et_pb_image][\/et_pb_column][et_pb_column type=&#8220;1_3&#8243; _builder_version=&#8220;4.27.5&#8243; _module_preset=&#8220;default&#8220; global_colors_info=&#8220;{}&#8220;][et_pb_text admin_label=&#8220;Auto aanmelden&#8220; _builder_version=&#8220;4.27.5&#8243; _module_preset=&#8220;default&#8220; link_option_url_new_window=&#8220;on&#8220; global_colors_info=&#8220;{}&#8220;]<\/p>\n<h2>Auto anmelden<\/h2>\n<p>Besitzt du ein besonderes Auto? M\u00f6chtest du mit deinem Auto auf einem der Themenpl\u00e4tze oder im Show-Paddock stehen? Alle Arten von Autos sind willkommen. Melde dein Auto jetzt an.   <\/p>\n<p>&nbsp;<\/p>\n<a href='https:\/\/living.organized.events\/external\/form\/166\/aanmeldformulier-cars-n-joy-2026' class='small-button smallblue'>Melde dein Auto an<\/a>\n<p>[\/et_pb_text][et_pb_image src=&#8220;https:\/\/www.carsnjoy.nl\/wp-content\/uploads\/2025\/12\/header-afbeelding-cars-n-joy-deelname.png&#8220; title_text=&#8220;Header-Bild Cars &#039;n Joy Teilnahme&#8220; _builder_version=&#8220;4.27.5&#8243; _module_preset=&#8220;default&#8220; global_colors_info=&#8220;{}&#8220;][\/et_pb_image][\/et_pb_column][et_pb_column type=&#8220;1_3&#8243; _builder_version=&#8220;4.27.5&#8243; _module_preset=&#8220;default&#8220; global_colors_info=&#8220;{}&#8220;][et_pb_text admin_label=&#8220;Club aanmelden&#8220; _builder_version=&#8220;4.27.5&#8243; _module_preset=&#8220;default&#8220; hover_enabled=&#8220;0&#8243; global_colors_info=&#8220;{}&#8220; sticky_enabled=&#8220;0&#8243;]<\/p>\n<h2>Club anmelden<\/h2>\n<p>Die Club Area bringt die sch\u00f6nsten Autoclubs mit einem breiten und vielf\u00e4ltigen Angebot an Fahrzeugen zusammen. Meldet euren Club jetzt an, um einen Platz in der Club Area zu erhalten. <\/p>\n<p>&nbsp;<\/p>\n<a href='https:\/\/living.organized.events\/external\/form\/198\/club-aanmeldformulier-cars-n-joy-2026' class='small-button smallblue'>Melde deinen Club an<\/a>\n<p>[\/et_pb_text][et_pb_image src=&#8220;https:\/\/www.carsnjoy.nl\/wp-content\/uploads\/2025\/12\/pexels-sebastiaan9977-17454904.jpg&#8220; alt=&#8220;Supra&#8220; title_text=&#8220;Supra&#8220; _builder_version=&#8220;4.27.5&#8243; _module_preset=&#8220;default&#8220; global_colors_info=&#8220;{}&#8220;][\/et_pb_image][\/et_pb_column][\/et_pb_row][et_pb_row _builder_version=&#8220;4.27.5&#8243; _module_preset=&#8220;default&#8220; global_colors_info=&#8220;{}&#8220;][et_pb_column type=&#8220;4_4&#8243; _builder_version=&#8220;4.27.5&#8243; _module_preset=&#8220;default&#8220; global_colors_info=&#8220;{}&#8220;][et_pb_text _builder_version=&#8220;4.27.5&#8243; _module_preset=&#8220;default&#8220; global_colors_info=&#8220;{}&#8220;]<\/p>\n<h3>Als Freiwilliger helfen.<\/h3>\n<p>Hast du Lust, w\u00e4hrend Cars &#8217;n Joy mitzuhelfen? Melde dich <strong><a href=\"https:\/\/living.organized.events\/external\/form\/179\/inschrijven-als-vrijwilliger\" target=\"_blank\" rel=\"noopener\">HIER<\/a><\/strong> als Freiwilliger an. <\/p>\n<p>[\/et_pb_text][\/et_pb_column][\/et_pb_row][\/et_pb_section][et_pb_section fb_built=&#8220;1&#8243; module_id=&#8220;Partner&#8220; module_class=&#8220;partners arrow_down&#8220; _builder_version=&#8220;4.27.5&#8243; _module_preset=&#8220;default&#8220; global_module=&#8220;662&#8243; saved_tabs=&#8220;all&#8220; global_colors_info=&#8220;{}&#8220;][et_pb_row _builder_version=&#8220;4.27.5&#8243; _module_preset=&#8220;default&#8220; global_colors_info=&#8220;{}&#8220;][et_pb_column type=&#8220;4_4&#8243; _builder_version=&#8220;4.27.4&#8243; _module_preset=&#8220;default&#8220; global_colors_info=&#8220;{}&#8220;][et_pb_text admin_label=&#8220;Partners&#8220; _builder_version=&#8220;4.27.4&#8243; _module_preset=&#8220;default&#8220; global_colors_info=&#8220;{}&#8220;]<\/p>\n<p><em>Partner<\/em><\/p>\n<h2>Gemeinsam an einer neuen Top-Marke f\u00fcr Automotive-Erlebnisse bauen<\/h2>\n<p>Bei Cars \u2019n Joy dreht sich alles um Qualit\u00e4t, Atmosph\u00e4re und Erlebnis \u2013 das k\u00f6nnen wir nur mit Partnern realisieren, die dieselbe Leidenschaft teilen. Wir arbeiten mit Marken, Organisationen und Unternehmern zusammen, die zu einem Wochenende beitragen m\u00f6chten, \u00fcber das die Besucher noch lange sprechen werden. <\/p>\n<p>[\/et_pb_text][\/et_pb_column][\/et_pb_row][et_pb_row column_structure=&#8220;1_5,1_5,1_5,1_5,1_5&#8243; module_class=&#8220;partners_row&#8220; _builder_version=&#8220;4.27.5&#8243; _module_preset=&#8220;default&#8220; global_colors_info=&#8220;{}&#8220;][et_pb_column type=&#8220;1_5&#8243; _builder_version=&#8220;4.27.4&#8243; _module_preset=&#8220;default&#8220; global_colors_info=&#8220;{}&#8220;][et_pb_text admin_label=&#8220;Autoblog&#8220; module_class=&#8220;partner&#8220; _builder_version=&#8220;4.27.5&#8243; _module_preset=&#8220;default&#8220; global_colors_info=&#8220;{}&#8220;]<\/p>\n<p><img loading=\"lazy\" decoding=\"async\" class=\"wp-image-160 alignnone size-medium\" src=\"https:\/\/www.carsnjoy.nl\/wp-content\/uploads\/2025\/11\/Autoblog-logo-website-300x164.png\" alt=\"Autoblog-Logo\" width=\"300\" height=\"164\"><\/p>\n<p>[\/et_pb_text][et_pb_text admin_label=&#8220;Autosportveghel&#8220; module_class=&#8220;partner&#8220; _builder_version=&#8220;4.27.5&#8243; _module_preset=&#8220;default&#8220; global_colors_info=&#8220;{}&#8220;]<\/p>\n<p><img loading=\"lazy\" decoding=\"async\" class=\"wp-image-791 alignnone size-full\" src=\"https:\/\/www.carsnjoy.nl\/wp-content\/uploads\/2025\/12\/autosportveghel.png\" alt=\"Auto Sport Veghel Logo Partner Cars 'n Joy\" width=\"300\" height=\"110\"><\/p>\n<p>[\/et_pb_text][et_pb_text admin_label=&#8220;Drive Tactics&#8220; module_class=&#8220;partner&#8220; _builder_version=&#8220;4.27.5&#8243; _module_preset=&#8220;default&#8220; global_colors_info=&#8220;{}&#8220;]<\/p>\n<p><img loading=\"lazy\" decoding=\"async\" class=\"wp-image-1385 alignnone size-full\" src=\"https:\/\/www.carsnjoy.nl\/wp-content\/uploads\/2026\/02\/Drive-Tactics-Parner-Cars-n-Joy-Festival-2026.png\" alt=\"Drive Tactics Partner Cars 'n Joy Festival 2026\" width=\"300\" height=\"110\"><\/p>\n<p>[\/et_pb_text][\/et_pb_column][et_pb_column type=&#8220;1_5&#8243; _builder_version=&#8220;4.27.4&#8243; _module_preset=&#8220;default&#8220; global_colors_info=&#8220;{}&#8220;][et_pb_text admin_label=&#8220;House of Cars&#8220; module_class=&#8220;partner&#8220; _builder_version=&#8220;4.27.5&#8243; _module_preset=&#8220;default&#8220; global_colors_info=&#8220;{}&#8220;]<\/p>\n<p><img loading=\"lazy\" decoding=\"async\" class=\"wp-image-152 alignnone size-full\" src=\"https:\/\/www.carsnjoy.nl\/wp-content\/uploads\/2025\/11\/houseofcars.png\" alt=\"House of Cars\" width=\"300\" height=\"110\"><\/p>\n<p>[\/et_pb_text][et_pb_text admin_label=&#8220;RevWorks&#8220; module_class=&#8220;partner&#8220; _builder_version=&#8220;4.27.5&#8243; _module_preset=&#8220;default&#8220; global_colors_info=&#8220;{}&#8220;]<\/p>\n<p><img loading=\"lazy\" decoding=\"async\" class=\"wp-image-925 alignnone size-full\" src=\"https:\/\/www.carsnjoy.nl\/wp-content\/uploads\/2025\/12\/logos-RevWorks-partners.png\" alt=\"Logos RevWorks Partner Cars 'n Joy\" width=\"300\" height=\"110\"><\/p>\n<p>[\/et_pb_text][et_pb_text admin_label=&#8220;Reubseat&#8220; module_class=&#8220;partner&#8220; _builder_version=&#8220;4.27.5&#8243; _module_preset=&#8220;default&#8220; global_colors_info=&#8220;{}&#8220;]<\/p>\n<p><img loading=\"lazy\" decoding=\"async\" class=\"wp-image-1381 alignnone size-full\" src=\"https:\/\/www.carsnjoy.nl\/wp-content\/uploads\/2026\/02\/Autobedrijf-Reubseat-partner-Cars-n-Joy-Festival-2026.png\" alt=\"Autohaus Reubseat Partner Cars 'n Joy Festival 2026\" width=\"300\" height=\"110\"><\/p>\n<p>[\/et_pb_text][\/et_pb_column][et_pb_column type=&#8220;1_5&#8243; _builder_version=&#8220;4.27.4&#8243; _module_preset=&#8220;default&#8220; global_colors_info=&#8220;{}&#8220;][et_pb_text admin_label=&#8220;EcoCarcleaners&#8220; module_class=&#8220;partner&#8220; _builder_version=&#8220;4.27.5&#8243; _module_preset=&#8220;default&#8220; global_colors_info=&#8220;{}&#8220;]<\/p>\n<p><img loading=\"lazy\" decoding=\"async\" class=\"wp-image-889 alignnone size-full\" src=\"https:\/\/www.carsnjoy.nl\/wp-content\/uploads\/2025\/12\/eco-carcleaners.png\" alt=\"Eco-Carcleaners\" width=\"300\" height=\"110\"><\/p>\n<p>[\/et_pb_text][et_pb_text admin_label=&#8220;Detailrs&#8220; module_class=&#8220;partner&#8220; _builder_version=&#8220;4.27.5&#8243; _module_preset=&#8220;default&#8220; global_colors_info=&#8220;{}&#8220;]<\/p>\n<p><img loading=\"lazy\" decoding=\"async\" class=\"wp-image-793 alignnone size-full\" src=\"https:\/\/www.carsnjoy.nl\/wp-content\/uploads\/2025\/12\/detailrs.png\" alt=\"Detailrs Logo Partner Cars 'n Joy Autofestival\" width=\"300\" height=\"110\"><\/p>\n<p>[\/et_pb_text][et_pb_text admin_label=&#8220;Time Out Experience&#8220; module_class=&#8220;partner&#8220; _builder_version=&#8220;4.27.5&#8243; _module_preset=&#8220;default&#8220; global_colors_info=&#8220;{}&#8220;]<\/p>\n<p><img loading=\"lazy\" decoding=\"async\" class=\"wp-image-1399 alignnone size-full\" src=\"https:\/\/www.carsnjoy.nl\/wp-content\/uploads\/2026\/02\/Time-Out-Experience-Partner-Cars-n-Joy.png\" alt=\"Time Out Experience Partner Cars 'n Joy\" width=\"300\" height=\"110\"><\/p>\n<p>[\/et_pb_text][\/et_pb_column][et_pb_column type=&#8220;1_5&#8243; _builder_version=&#8220;4.27.4&#8243; _module_preset=&#8220;default&#8220; global_colors_info=&#8220;{}&#8220;][et_pb_text admin_label=&#8220;Louwman&#8220; module_class=&#8220;partner&#8220; _builder_version=&#8220;4.27.5&#8243; _module_preset=&#8220;default&#8220; global_colors_info=&#8220;{}&#8220;]<\/p>\n<p><img loading=\"lazy\" decoding=\"async\" class=\"wp-image-1043 alignnone size-full\" src=\"https:\/\/www.carsnjoy.nl\/wp-content\/uploads\/2025\/12\/logo-Louwman-Exclusive-partner-Cars-n-Joy.png\" alt=\"Logo Louwman Exclusive Partner Cars 'n Joy\" width=\"300\" height=\"110\"><\/p>\n<p>[\/et_pb_text][et_pb_text admin_label=&#8220;Rallysportevents&#8220; module_class=&#8220;partner&#8220; _builder_version=&#8220;4.27.5&#8243; _module_preset=&#8220;default&#8220; global_colors_info=&#8220;{}&#8220;]<\/p>\n<p><img loading=\"lazy\" decoding=\"async\" class=\"wp-image-964 alignnone size-full\" src=\"https:\/\/www.carsnjoy.nl\/wp-content\/uploads\/2025\/12\/logo-RallySportEvents-partners-cars-n-joy-festival.png\" alt=\"Logo RallySportEvents Partner Cars 'n Joy Festival\" width=\"300\" height=\"110\"><\/p>\n<p>[\/et_pb_text][\/et_pb_column][et_pb_column type=&#8220;1_5&#8243; _builder_version=&#8220;4.27.4&#8243; _module_preset=&#8220;default&#8220; global_colors_info=&#8220;{}&#8220;][et_pb_text admin_label=&#8220;raceplannet&#8220; module_class=&#8220;partner&#8220; _builder_version=&#8220;4.27.5&#8243; _module_preset=&#8220;default&#8220; global_colors_info=&#8220;{}&#8220;]<\/p>\n<p><img loading=\"lazy\" decoding=\"async\" class=\"wp-image-866 alignnone size-full\" src=\"https:\/\/www.carsnjoy.nl\/wp-content\/uploads\/2025\/12\/raceplannet.png\" alt=\"Raceplanet\" width=\"127\" height=\"110\"><\/p>\n<p>[\/et_pb_text][et_pb_text admin_label=&#8220;Carway&#8220; module_class=&#8220;partner&#8220; _builder_version=&#8220;4.27.5&#8243; _module_preset=&#8220;default&#8220; global_colors_info=&#8220;{}&#8220;]<\/p>\n<p><img loading=\"lazy\" decoding=\"async\" class=\"wp-image-938 alignnone size-full\" src=\"https:\/\/www.carsnjoy.nl\/wp-content\/uploads\/2025\/12\/logo-Carway-partner-Cars-n-Joy.png\" alt=\"Logo Carway Partner Cars 'n Joy\" width=\"300\" height=\"110\"><\/p>\n<p>[\/et_pb_text][\/et_pb_column][\/et_pb_row][et_pb_row _builder_version=&#8220;4.27.4&#8243; _module_preset=&#8220;default&#8220; global_colors_info=&#8220;{}&#8220;][et_pb_column type=&#8220;4_4&#8243; _builder_version=&#8220;4.27.4&#8243; _module_preset=&#8220;default&#8220; global_colors_info=&#8220;{}&#8220;][et_pb_text admin_label=&#8220;Wordt partner&#8220; _builder_version=&#8220;4.27.5&#8243; _module_preset=&#8220;default&#8220; global_colors_info=&#8220;{}&#8220;]<\/p>\n<a href='\/deelnemen-als-bedrijf\/' class='small-button smallblue'>Partner werden<\/a>\n<p>[\/et_pb_text][\/et_pb_column][\/et_pb_row][\/et_pb_section]<\/p>\n","protected":false},"excerpt":{"rendered":"<p>Teilnahme Cars &#8217;n Joy Festival Cars \u2019n Joy ist mehr als nur eine Autoshow. Zwei Tage. Ein Erlebnis. Genuss pur! Nimm teil an einem Wochenende voller Geschmack, Musik, Action, Design, Lifestyle, Familie, Freunde und nat\u00fcrlich einem Mix der au\u00dfergew\u00f6hnlichsten Autos, die du je zusammen gesehen hast. Teilnahme &nbsp;F\u00fcr Unternehmen Werde Aussteller oder Partner beim Cars [&hellip;]<\/p>\n","protected":false},"author":1,"featured_media":0,"parent":0,"menu_order":0,"comment_status":"closed","ping_status":"closed","template":"","meta":{"_et_pb_use_builder":"on","_et_pb_old_content":"","_et_gb_content_width":"","footnotes":""},"class_list":["post-1718","page","type-page","status-publish","hentry"],"yoast_head":"<!-- This site is optimized with the Yoast SEO plugin v27.0 - https:\/\/yoast.com\/product\/yoast-seo-wordpress\/ -->\n<title>Teilnahme - Cars &#039;n Joy<\/title>\n<meta name=\"robots\" content=\"index, follow, max-snippet:-1, max-image-preview:large, max-video-preview:-1\" \/>\n<link rel=\"canonical\" href=\"https:\/\/www.carsnjoy.nl\/de\/teilnahme\/\" \/>\n<meta property=\"og:locale\" content=\"de_DE\" \/>\n<meta property=\"og:type\" content=\"article\" \/>\n<meta property=\"og:title\" content=\"Teilnahme - Cars &#039;n Joy\" \/>\n<meta property=\"og:description\" content=\"Teilnahme Cars &#039;n Joy Festival Cars \u2019n Joy ist mehr als nur eine Autoshow. Zwei Tage. Ein Erlebnis. Genuss pur! Nimm teil an einem Wochenende voller Geschmack, Musik, Action, Design, Lifestyle, Familie, Freunde und nat\u00fcrlich einem Mix der au\u00dfergew\u00f6hnlichsten Autos, die du je zusammen gesehen hast. Teilnahme &nbsp;F\u00fcr Unternehmen Werde Aussteller oder Partner beim Cars [&hellip;]\" \/>\n<meta property=\"og:url\" content=\"https:\/\/www.carsnjoy.nl\/de\/teilnahme\/\" \/>\n<meta property=\"og:site_name\" content=\"Cars &#039;n Joy\" \/>\n<meta property=\"article:modified_time\" content=\"2026-02-23T14:28:46+00:00\" \/>\n<meta property=\"og:image\" content=\"https:\/\/www.carsnjoy.nl\/wp-content\/uploads\/2025\/11\/Autoblog-logo-website.png\" \/>\n\t<meta property=\"og:image:width\" content=\"512\" \/>\n\t<meta property=\"og:image:height\" content=\"280\" \/>\n\t<meta property=\"og:image:type\" content=\"image\/png\" \/>\n<meta name=\"twitter:card\" content=\"summary_large_image\" \/>\n<meta name=\"twitter:label1\" content=\"Gesch\u00e4tzte Lesezeit\" \/>\n\t<meta name=\"twitter:data1\" content=\"6\u00a0Minuten\" \/>\n<script type=\"application\/ld+json\" class=\"yoast-schema-graph\">{\"@context\":\"https:\/\/schema.org\",\"@graph\":[{\"@type\":\"WebPage\",\"@id\":\"https:\/\/www.carsnjoy.nl\/de\/teilnahme\/\",\"url\":\"https:\/\/www.carsnjoy.nl\/de\/teilnahme\/\",\"name\":\"Teilnahme - Cars &#039;n Joy\",\"isPartOf\":{\"@id\":\"https:\/\/www.carsnjoy.nl\/de\/#website\"},\"primaryImageOfPage\":{\"@id\":\"https:\/\/www.carsnjoy.nl\/de\/teilnahme\/#primaryimage\"},\"image\":{\"@id\":\"https:\/\/www.carsnjoy.nl\/de\/teilnahme\/#primaryimage\"},\"thumbnailUrl\":\"https:\/\/www.carsnjoy.nl\/wp-content\/uploads\/2025\/11\/Autoblog-logo-website-300x164.png\",\"datePublished\":\"2025-12-19T15:25:22+00:00\",\"dateModified\":\"2026-02-23T14:28:46+00:00\",\"breadcrumb\":{\"@id\":\"https:\/\/www.carsnjoy.nl\/de\/teilnahme\/#breadcrumb\"},\"inLanguage\":\"de\",\"potentialAction\":[{\"@type\":\"ReadAction\",\"target\":[\"https:\/\/www.carsnjoy.nl\/de\/teilnahme\/\"]}]},{\"@type\":\"ImageObject\",\"inLanguage\":\"de\",\"@id\":\"https:\/\/www.carsnjoy.nl\/de\/teilnahme\/#primaryimage\",\"url\":\"https:\/\/www.carsnjoy.nl\/wp-content\/uploads\/2025\/11\/Autoblog-logo-website-300x164.png\",\"contentUrl\":\"https:\/\/www.carsnjoy.nl\/wp-content\/uploads\/2025\/11\/Autoblog-logo-website-300x164.png\"},{\"@type\":\"BreadcrumbList\",\"@id\":\"https:\/\/www.carsnjoy.nl\/de\/teilnahme\/#breadcrumb\",\"itemListElement\":[{\"@type\":\"ListItem\",\"position\":1,\"name\":\"Home\",\"item\":\"https:\/\/www.carsnjoy.nl\/de\/home\/\"},{\"@type\":\"ListItem\",\"position\":2,\"name\":\"Teilnahme\"}]},{\"@type\":\"WebSite\",\"@id\":\"https:\/\/www.carsnjoy.nl\/de\/#website\",\"url\":\"https:\/\/www.carsnjoy.nl\/de\/\",\"name\":\"Cars 'n Joy\",\"description\":\"The weekender 2026\",\"potentialAction\":[{\"@type\":\"SearchAction\",\"target\":{\"@type\":\"EntryPoint\",\"urlTemplate\":\"https:\/\/www.carsnjoy.nl\/de\/?s={search_term_string}\"},\"query-input\":{\"@type\":\"PropertyValueSpecification\",\"valueRequired\":true,\"valueName\":\"search_term_string\"}}],\"inLanguage\":\"de\"}]}<\/script>\n<!-- \/ Yoast SEO plugin. -->","yoast_head_json":{"title":"Teilnahme - Cars &#039;n Joy","robots":{"index":"index","follow":"follow","max-snippet":"max-snippet:-1","max-image-preview":"max-image-preview:large","max-video-preview":"max-video-preview:-1"},"canonical":"https:\/\/www.carsnjoy.nl\/de\/teilnahme\/","og_locale":"de_DE","og_type":"article","og_title":"Teilnahme - Cars &#039;n Joy","og_description":"Teilnahme Cars 'n Joy Festival Cars \u2019n Joy ist mehr als nur eine Autoshow. Zwei Tage. Ein Erlebnis. Genuss pur! Nimm teil an einem Wochenende voller Geschmack, Musik, Action, Design, Lifestyle, Familie, Freunde und nat\u00fcrlich einem Mix der au\u00dfergew\u00f6hnlichsten Autos, die du je zusammen gesehen hast. Teilnahme &nbsp;F\u00fcr Unternehmen Werde Aussteller oder Partner beim Cars [&hellip;]","og_url":"https:\/\/www.carsnjoy.nl\/de\/teilnahme\/","og_site_name":"Cars &#039;n Joy","article_modified_time":"2026-02-23T14:28:46+00:00","og_image":[{"width":512,"height":280,"url":"https:\/\/www.carsnjoy.nl\/wp-content\/uploads\/2025\/11\/Autoblog-logo-website.png","type":"image\/png"}],"twitter_card":"summary_large_image","twitter_misc":{"Gesch\u00e4tzte Lesezeit":"6\u00a0Minuten"},"schema":{"@context":"https:\/\/schema.org","@graph":[{"@type":"WebPage","@id":"https:\/\/www.carsnjoy.nl\/de\/teilnahme\/","url":"https:\/\/www.carsnjoy.nl\/de\/teilnahme\/","name":"Teilnahme - Cars &#039;n Joy","isPartOf":{"@id":"https:\/\/www.carsnjoy.nl\/de\/#website"},"primaryImageOfPage":{"@id":"https:\/\/www.carsnjoy.nl\/de\/teilnahme\/#primaryimage"},"image":{"@id":"https:\/\/www.carsnjoy.nl\/de\/teilnahme\/#primaryimage"},"thumbnailUrl":"https:\/\/www.carsnjoy.nl\/wp-content\/uploads\/2025\/11\/Autoblog-logo-website-300x164.png","datePublished":"2025-12-19T15:25:22+00:00","dateModified":"2026-02-23T14:28:46+00:00","breadcrumb":{"@id":"https:\/\/www.carsnjoy.nl\/de\/teilnahme\/#breadcrumb"},"inLanguage":"de","potentialAction":[{"@type":"ReadAction","target":["https:\/\/www.carsnjoy.nl\/de\/teilnahme\/"]}]},{"@type":"ImageObject","inLanguage":"de","@id":"https:\/\/www.carsnjoy.nl\/de\/teilnahme\/#primaryimage","url":"https:\/\/www.carsnjoy.nl\/wp-content\/uploads\/2025\/11\/Autoblog-logo-website-300x164.png","contentUrl":"https:\/\/www.carsnjoy.nl\/wp-content\/uploads\/2025\/11\/Autoblog-logo-website-300x164.png"},{"@type":"BreadcrumbList","@id":"https:\/\/www.carsnjoy.nl\/de\/teilnahme\/#breadcrumb","itemListElement":[{"@type":"ListItem","position":1,"name":"Home","item":"https:\/\/www.carsnjoy.nl\/de\/home\/"},{"@type":"ListItem","position":2,"name":"Teilnahme"}]},{"@type":"WebSite","@id":"https:\/\/www.carsnjoy.nl\/de\/#website","url":"https:\/\/www.carsnjoy.nl\/de\/","name":"Cars 'n Joy","description":"The weekender 2026","potentialAction":[{"@type":"SearchAction","target":{"@type":"EntryPoint","urlTemplate":"https:\/\/www.carsnjoy.nl\/de\/?s={search_term_string}"},"query-input":{"@type":"PropertyValueSpecification","valueRequired":true,"valueName":"search_term_string"}}],"inLanguage":"de"}]}},"_links":{"self":[{"href":"https:\/\/www.carsnjoy.nl\/de\/wp-json\/wp\/v2\/pages\/1718","targetHints":{"allow":["GET"]}}],"collection":[{"href":"https:\/\/www.carsnjoy.nl\/de\/wp-json\/wp\/v2\/pages"}],"about":[{"href":"https:\/\/www.carsnjoy.nl\/de\/wp-json\/wp\/v2\/types\/page"}],"author":[{"embeddable":true,"href":"https:\/\/www.carsnjoy.nl\/de\/wp-json\/wp\/v2\/users\/1"}],"replies":[{"embeddable":true,"href":"https:\/\/www.carsnjoy.nl\/de\/wp-json\/wp\/v2\/comments?post=1718"}],"version-history":[{"count":2,"href":"https:\/\/www.carsnjoy.nl\/de\/wp-json\/wp\/v2\/pages\/1718\/revisions"}],"predecessor-version":[{"id":1720,"href":"https:\/\/www.carsnjoy.nl\/de\/wp-json\/wp\/v2\/pages\/1718\/revisions\/1720"}],"wp:attachment":[{"href":"https:\/\/www.carsnjoy.nl\/de\/wp-json\/wp\/v2\/media?parent=1718"}],"curies":[{"name":"wp","href":"https:\/\/api.w.org\/{rel}","templated":true}]}}