{"id":1721,"date":"2025-12-19T15:27:06","date_gmt":"2025-12-19T15:27:06","guid":{"rendered":"https:\/\/www.carsnjoy.nl\/als-unternehmen-teilnehmen\/"},"modified":"2026-03-17T20:53:53","modified_gmt":"2026-03-17T20:53:53","slug":"als-unternehmen-teilnehmen","status":"publish","type":"page","link":"https:\/\/www.carsnjoy.nl\/de\/als-unternehmen-teilnehmen\/","title":{"rendered":"Als Unternehmen teilnehmen"},"content":{"rendered":"<p>[et_pb_section fb_built=&#8220;1&#8243; _builder_version=&#8220;4.27.5&#8243; _module_preset=&#8220;default&#8220; global_colors_info=&#8220;{}&#8220;][et_pb_row _builder_version=&#8220;4.27.5&#8243; _module_preset=&#8220;default&#8220; global_colors_info=&#8220;{}&#8220;][et_pb_column type=&#8220;4_4&#8243; _builder_version=&#8220;4.27.5&#8243; _module_preset=&#8220;default&#8220; global_colors_info=&#8220;{}&#8220;][et_pb_text _builder_version=&#8220;4.27.5&#8243; _module_preset=&#8220;default&#8220; hover_enabled=&#8220;0&#8243; global_colors_info=&#8220;{}&#8220; sticky_enabled=&#8220;0&#8243;]<\/p>\n<h1>Als Unternehmen teilnehmen<\/h1>\n<p data-start=\"360\" data-end=\"475\">Das Cars \u2019n Joy Festival 2026 bietet Unternehmen eine einzigartige zweit\u00e4gige B\u00fchne mit zwei v\u00f6llig unterschiedlichen Zielgruppen. Triff mehr als 10.000 Besucher w\u00e4hrend des Automotive-, Lifestyle- und Food-Festivals schlechthin in den<br \/>Niederlanden. <\/p>\n<ul>\n<li data-start=\"360\" data-end=\"475\"><strong><a href=\"https:\/\/www.carsnjoy.nl\/de\/taste-n-joy\/\">Samstag, 29. August Taste &#8217;n Joy<\/a><\/strong> steht ganz im Zeichen von Lifestyle, Musik, Food, Familie und Erlebnis.<\/li>\n<li data-start=\"555\" data-end=\"630\">\n<p data-start=\"557\" data-end=\"630\"><strong><a href=\"https:\/\/www.carsnjoy.nl\/de\/drive-n-joy\/\">Sonntag, 30. August Drive &#8217;n Joy<\/a><\/strong> dreht sich ganz um Automotive-Shops &amp; St\u00e4nde, Performance und Autoliebhaber.<\/p>\n<\/li>\n<\/ul>\n<p data-start=\"632\" data-end=\"757\">Ob du nun ein Automotive-Unternehmen, eine Lifestyle-Marke, ein Foodtruck-Betreiber, ein regionales Unternehmen oder ein Festival-Unternehmer bist: Es gibt immer einen Tag (oder beide Tage) und eine Teilnahmeform, die zu deinem Unternehmen und deinen Zielen passt.<\/p>\n<p data-start=\"632\" data-end=\"757\">Neugierig auf die M\u00f6glichkeiten? Kontaktiere uns unverbindlich f\u00fcr eine Teilnahme \u00fcber das untenstehende Formular oder sende eine E-Mail an <strong>info@carsnjoy.nl.<\/strong> <\/p>\n<p>&nbsp;<\/p>\n<p>[\/et_pb_text][et_pb_contact_form email=&#8220;info@carsnjoy.nl&#8220; _builder_version=&#8220;4.27.5&#8243; _module_preset=&#8220;default&#8220; _unique_id=&#8220;fc595578-1cca-45d2-8a8f-aa6f0eb39b23&#8243; global_colors_info=&#8220;{}&#8220;][et_pb_contact_field field_id=&#8220;Field_6&#8243; field_title=&#8220;Betreff:&#8220; field_type=&#8220;checkbox&#8220; checkbox_options=&#8220;%91{%22value%22:%22Einen Stand buchen%22,%22checked%22:0,%22dragID%22:-1},{%22value%22:%22Bannerpaket anfragen%22,%22checked%22:0,%22dragID%22:0},{%22value%22:%22Partner %92\/ Sponsor werden%22,%22checked%22:0,%22dragID%22:1},{%22value%22:%22Ausstellerbrosch\u00fcre anfordern%22,%22checked%22:0,%22dragID%22:2},{%22value%22:%22Etwas anderes, und zwar&#8230;%22,%22checked%22:0,%22dragID%22:3}%93&#8243; fullwidth_field=&#8220;on&#8220; _builder_version=&#8220;4.27.5&#8243; _module_preset=&#8220;default&#8220; global_colors_info=&#8220;{}&#8220;][\/et_pb_contact_field][et_pb_contact_field field_id=&#8220;Name&#8220; field_title=&#8220;Name&#8220; _builder_version=&#8220;4.16&#8243; global_colors_info=&#8220;{}&#8220; button_text_size__hover_enabled=&#8220;off&#8220; button_one_text_size__hover_enabled=&#8220;off&#8220; button_two_text_size__hover_enabled=&#8220;off&#8220; button_text_color__hover_enabled=&#8220;off&#8220; button_one_text_color__hover_enabled=&#8220;off&#8220; button_two_text_color__hover_enabled=&#8220;off&#8220; button_border_width__hover_enabled=&#8220;off&#8220; button_one_border_width__hover_enabled=&#8220;off&#8220; button_two_border_width__hover_enabled=&#8220;off&#8220; button_border_color__hover_enabled=&#8220;off&#8220; button_one_border_color__hover_enabled=&#8220;off&#8220; button_two_border_color__hover_enabled=&#8220;off&#8220; button_border_radius__hover_enabled=&#8220;off&#8220; button_one_border_radius__hover_enabled=&#8220;off&#8220; button_two_border_radius__hover_enabled=&#8220;off&#8220; button_letter_spacing__hover_enabled=&#8220;off&#8220; button_one_letter_spacing__hover_enabled=&#8220;off&#8220; button_two_letter_spacing__hover_enabled=&#8220;off&#8220; button_bg_color__hover_enabled=&#8220;off&#8220; button_one_bg_color__hover_enabled=&#8220;off&#8220; button_two_bg_color__hover_enabled=&#8220;off&#8220;][\/et_pb_contact_field][et_pb_contact_field field_id=&#8220;Email&#8220; field_title=&#8220;E-Mail-Adresse&#8220; field_type=&#8220;email&#8220; _builder_version=&#8220;4.16&#8243; global_colors_info=&#8220;{}&#8220; button_text_size__hover_enabled=&#8220;off&#8220; button_one_text_size__hover_enabled=&#8220;off&#8220; button_two_text_size__hover_enabled=&#8220;off&#8220; button_text_color__hover_enabled=&#8220;off&#8220; button_one_text_color__hover_enabled=&#8220;off&#8220; button_two_text_color__hover_enabled=&#8220;off&#8220; button_border_width__hover_enabled=&#8220;off&#8220; button_one_border_width__hover_enabled=&#8220;off&#8220; button_two_border_width__hover_enabled=&#8220;off&#8220; button_border_color__hover_enabled=&#8220;off&#8220; button_one_border_color__hover_enabled=&#8220;off&#8220; button_two_border_color__hover_enabled=&#8220;off&#8220; button_border_radius__hover_enabled=&#8220;off&#8220; button_one_border_radius__hover_enabled=&#8220;off&#8220; button_two_border_radius__hover_enabled=&#8220;off&#8220; button_letter_spacing__hover_enabled=&#8220;off&#8220; button_one_letter_spacing__hover_enabled=&#8220;off&#8220; button_two_letter_spacing__hover_enabled=&#8220;off&#8220; button_bg_color__hover_enabled=&#8220;off&#8220; button_one_bg_color__hover_enabled=&#8220;off&#8220; button_two_bg_color__hover_enabled=&#8220;off&#8220;][\/et_pb_contact_field][et_pb_contact_field field_id=&#8220;Bedrijfsnaam&#8220; field_title=&#8220;Unternehmensname oder Website&#8220; _builder_version=&#8220;4.27.5&#8243; global_colors_info=&#8220;{}&#8220; button_text_size__hover_enabled=&#8220;off&#8220; button_one_text_size__hover_enabled=&#8220;off&#8220; button_two_text_size__hover_enabled=&#8220;off&#8220; button_text_color__hover_enabled=&#8220;off&#8220; button_one_text_color__hover_enabled=&#8220;off&#8220; button_two_text_color__hover_enabled=&#8220;off&#8220; button_border_width__hover_enabled=&#8220;off&#8220; button_one_border_width__hover_enabled=&#8220;off&#8220; button_two_border_width__hover_enabled=&#8220;off&#8220; button_border_color__hover_enabled=&#8220;off&#8220; button_one_border_color__hover_enabled=&#8220;off&#8220; button_two_border_color__hover_enabled=&#8220;off&#8220; button_border_radius__hover_enabled=&#8220;off&#8220; button_one_border_radius__hover_enabled=&#8220;off&#8220; button_two_border_radius__hover_enabled=&#8220;off&#8220; button_letter_spacing__hover_enabled=&#8220;off&#8220; button_one_letter_spacing__hover_enabled=&#8220;off&#8220; button_two_letter_spacing__hover_enabled=&#8220;off&#8220; button_bg_color__hover_enabled=&#8220;off&#8220; button_one_bg_color__hover_enabled=&#8220;off&#8220; button_two_bg_color__hover_enabled=&#8220;off&#8220;][\/et_pb_contact_field][et_pb_contact_field field_id=&#8220;Telefoonnummer&#8220; field_title=&#8220;Telefonnummer&#8220; _builder_version=&#8220;4.27.5&#8243; global_colors_info=&#8220;{}&#8220; button_text_size__hover_enabled=&#8220;off&#8220; button_one_text_size__hover_enabled=&#8220;off&#8220; button_two_text_size__hover_enabled=&#8220;off&#8220; button_text_color__hover_enabled=&#8220;off&#8220; button_one_text_color__hover_enabled=&#8220;off&#8220; button_two_text_color__hover_enabled=&#8220;off&#8220; button_border_width__hover_enabled=&#8220;off&#8220; button_one_border_width__hover_enabled=&#8220;off&#8220; button_two_border_width__hover_enabled=&#8220;off&#8220; button_border_color__hover_enabled=&#8220;off&#8220; button_one_border_color__hover_enabled=&#8220;off&#8220; button_two_border_color__hover_enabled=&#8220;off&#8220; button_border_radius__hover_enabled=&#8220;off&#8220; button_one_border_radius__hover_enabled=&#8220;off&#8220; button_two_border_radius__hover_enabled=&#8220;off&#8220; button_letter_spacing__hover_enabled=&#8220;off&#8220; button_one_letter_spacing__hover_enabled=&#8220;off&#8220; button_two_letter_spacing__hover_enabled=&#8220;off&#8220; button_bg_color__hover_enabled=&#8220;off&#8220; button_one_bg_color__hover_enabled=&#8220;off&#8220; button_two_bg_color__hover_enabled=&#8220;off&#8220;][\/et_pb_contact_field][et_pb_contact_field field_id=&#8220;Message&#8220; field_title=&#8220;Nachricht&#8220; field_type=&#8220;text&#8220; fullwidth_field=&#8220;on&#8220; _builder_version=&#8220;4.16&#8243; global_colors_info=&#8220;{}&#8220; button_text_size__hover_enabled=&#8220;off&#8220; button_one_text_size__hover_enabled=&#8220;off&#8220; button_two_text_size__hover_enabled=&#8220;off&#8220; button_text_color__hover_enabled=&#8220;off&#8220; button_one_text_color__hover_enabled=&#8220;off&#8220; button_two_text_color__hover_enabled=&#8220;off&#8220; button_border_width__hover_enabled=&#8220;off&#8220; button_one_border_width__hover_enabled=&#8220;off&#8220; button_two_border_width__hover_enabled=&#8220;off&#8220; button_border_color__hover_enabled=&#8220;off&#8220; button_one_border_color__hover_enabled=&#8220;off&#8220; button_two_border_color__hover_enabled=&#8220;off&#8220; button_border_radius__hover_enabled=&#8220;off&#8220; button_one_border_radius__hover_enabled=&#8220;off&#8220; button_two_border_radius__hover_enabled=&#8220;off&#8220; button_letter_spacing__hover_enabled=&#8220;off&#8220; button_one_letter_spacing__hover_enabled=&#8220;off&#8220; button_two_letter_spacing__hover_enabled=&#8220;off&#8220; button_bg_color__hover_enabled=&#8220;off&#8220; button_one_bg_color__hover_enabled=&#8220;off&#8220; button_two_bg_color__hover_enabled=&#8220;off&#8220;][\/et_pb_contact_field][\/et_pb_contact_form][\/et_pb_column][\/et_pb_row][\/et_pb_section]<\/p>\n","protected":false},"excerpt":{"rendered":"<p>Als Unternehmen teilnehmen Das Cars \u2019n Joy Festival 2026 bietet Unternehmen eine einzigartige zweit\u00e4gige B\u00fchne mit zwei v\u00f6llig unterschiedlichen Zielgruppen. Triff mehr als 10.000 Besucher w\u00e4hrend des Automotive-, Lifestyle- und Food-Festivals schlechthin in denNiederlanden. Samstag, 29. August Taste &#8217;n Joy steht ganz im Zeichen von Lifestyle, Musik, Food, Familie und Erlebnis. Sonntag, 30. August Drive [&hellip;]<\/p>\n","protected":false},"author":1,"featured_media":0,"parent":0,"menu_order":0,"comment_status":"closed","ping_status":"closed","template":"","meta":{"_et_pb_use_builder":"on","_et_pb_old_content":"","_et_gb_content_width":"","footnotes":""},"class_list":["post-1721","page","type-page","status-publish","hentry"],"yoast_head":"<!-- This site is optimized with the Yoast SEO plugin v27.0 - https:\/\/yoast.com\/product\/yoast-seo-wordpress\/ -->\n<title>Als Unternehmen teilnehmen - Cars &#039;n Joy<\/title>\n<meta name=\"robots\" content=\"index, follow, max-snippet:-1, max-image-preview:large, max-video-preview:-1\" \/>\n<link rel=\"canonical\" href=\"https:\/\/www.carsnjoy.nl\/de\/als-unternehmen-teilnehmen\/\" \/>\n<meta property=\"og:locale\" content=\"de_DE\" \/>\n<meta property=\"og:type\" content=\"article\" \/>\n<meta property=\"og:title\" content=\"Als Unternehmen teilnehmen - Cars &#039;n Joy\" \/>\n<meta property=\"og:description\" content=\"Als Unternehmen teilnehmen Das Cars \u2019n Joy Festival 2026 bietet Unternehmen eine einzigartige zweit\u00e4gige B\u00fchne mit zwei v\u00f6llig unterschiedlichen Zielgruppen. Triff mehr als 10.000 Besucher w\u00e4hrend des Automotive-, Lifestyle- und Food-Festivals schlechthin in denNiederlanden. Samstag, 29. August Taste &#039;n Joy steht ganz im Zeichen von Lifestyle, Musik, Food, Familie und Erlebnis. Sonntag, 30. August Drive [&hellip;]\" \/>\n<meta property=\"og:url\" content=\"https:\/\/www.carsnjoy.nl\/de\/als-unternehmen-teilnehmen\/\" \/>\n<meta property=\"og:site_name\" content=\"Cars &#039;n Joy\" \/>\n<meta property=\"article:modified_time\" content=\"2026-03-17T20:53:53+00:00\" \/>\n<meta name=\"twitter:card\" content=\"summary_large_image\" \/>\n<meta name=\"twitter:label1\" content=\"Gesch\u00e4tzte Lesezeit\" \/>\n\t<meta name=\"twitter:data1\" content=\"5\u00a0Minuten\" \/>\n<script type=\"application\/ld+json\" class=\"yoast-schema-graph\">{\"@context\":\"https:\/\/schema.org\",\"@graph\":[{\"@type\":\"WebPage\",\"@id\":\"https:\/\/www.carsnjoy.nl\/de\/als-unternehmen-teilnehmen\/\",\"url\":\"https:\/\/www.carsnjoy.nl\/de\/als-unternehmen-teilnehmen\/\",\"name\":\"Als Unternehmen teilnehmen - Cars &#039;n Joy\",\"isPartOf\":{\"@id\":\"https:\/\/www.carsnjoy.nl\/de\/#website\"},\"datePublished\":\"2025-12-19T15:27:06+00:00\",\"dateModified\":\"2026-03-17T20:53:53+00:00\",\"breadcrumb\":{\"@id\":\"https:\/\/www.carsnjoy.nl\/de\/als-unternehmen-teilnehmen\/#breadcrumb\"},\"inLanguage\":\"de\",\"potentialAction\":[{\"@type\":\"ReadAction\",\"target\":[\"https:\/\/www.carsnjoy.nl\/de\/als-unternehmen-teilnehmen\/\"]}]},{\"@type\":\"BreadcrumbList\",\"@id\":\"https:\/\/www.carsnjoy.nl\/de\/als-unternehmen-teilnehmen\/#breadcrumb\",\"itemListElement\":[{\"@type\":\"ListItem\",\"position\":1,\"name\":\"Home\",\"item\":\"https:\/\/www.carsnjoy.nl\/de\/home\/\"},{\"@type\":\"ListItem\",\"position\":2,\"name\":\"Als Unternehmen teilnehmen\"}]},{\"@type\":\"WebSite\",\"@id\":\"https:\/\/www.carsnjoy.nl\/de\/#website\",\"url\":\"https:\/\/www.carsnjoy.nl\/de\/\",\"name\":\"Cars 'n Joy\",\"description\":\"The weekender 2026\",\"potentialAction\":[{\"@type\":\"SearchAction\",\"target\":{\"@type\":\"EntryPoint\",\"urlTemplate\":\"https:\/\/www.carsnjoy.nl\/de\/?s={search_term_string}\"},\"query-input\":{\"@type\":\"PropertyValueSpecification\",\"valueRequired\":true,\"valueName\":\"search_term_string\"}}],\"inLanguage\":\"de\"}]}<\/script>\n<!-- \/ Yoast SEO plugin. -->","yoast_head_json":{"title":"Als Unternehmen teilnehmen - Cars &#039;n Joy","robots":{"index":"index","follow":"follow","max-snippet":"max-snippet:-1","max-image-preview":"max-image-preview:large","max-video-preview":"max-video-preview:-1"},"canonical":"https:\/\/www.carsnjoy.nl\/de\/als-unternehmen-teilnehmen\/","og_locale":"de_DE","og_type":"article","og_title":"Als Unternehmen teilnehmen - Cars &#039;n Joy","og_description":"Als Unternehmen teilnehmen Das Cars \u2019n Joy Festival 2026 bietet Unternehmen eine einzigartige zweit\u00e4gige B\u00fchne mit zwei v\u00f6llig unterschiedlichen Zielgruppen. Triff mehr als 10.000 Besucher w\u00e4hrend des Automotive-, Lifestyle- und Food-Festivals schlechthin in denNiederlanden. Samstag, 29. August Taste 'n Joy steht ganz im Zeichen von Lifestyle, Musik, Food, Familie und Erlebnis. Sonntag, 30. August Drive [&hellip;]","og_url":"https:\/\/www.carsnjoy.nl\/de\/als-unternehmen-teilnehmen\/","og_site_name":"Cars &#039;n Joy","article_modified_time":"2026-03-17T20:53:53+00:00","twitter_card":"summary_large_image","twitter_misc":{"Gesch\u00e4tzte Lesezeit":"5\u00a0Minuten"},"schema":{"@context":"https:\/\/schema.org","@graph":[{"@type":"WebPage","@id":"https:\/\/www.carsnjoy.nl\/de\/als-unternehmen-teilnehmen\/","url":"https:\/\/www.carsnjoy.nl\/de\/als-unternehmen-teilnehmen\/","name":"Als Unternehmen teilnehmen - Cars &#039;n Joy","isPartOf":{"@id":"https:\/\/www.carsnjoy.nl\/de\/#website"},"datePublished":"2025-12-19T15:27:06+00:00","dateModified":"2026-03-17T20:53:53+00:00","breadcrumb":{"@id":"https:\/\/www.carsnjoy.nl\/de\/als-unternehmen-teilnehmen\/#breadcrumb"},"inLanguage":"de","potentialAction":[{"@type":"ReadAction","target":["https:\/\/www.carsnjoy.nl\/de\/als-unternehmen-teilnehmen\/"]}]},{"@type":"BreadcrumbList","@id":"https:\/\/www.carsnjoy.nl\/de\/als-unternehmen-teilnehmen\/#breadcrumb","itemListElement":[{"@type":"ListItem","position":1,"name":"Home","item":"https:\/\/www.carsnjoy.nl\/de\/home\/"},{"@type":"ListItem","position":2,"name":"Als Unternehmen teilnehmen"}]},{"@type":"WebSite","@id":"https:\/\/www.carsnjoy.nl\/de\/#website","url":"https:\/\/www.carsnjoy.nl\/de\/","name":"Cars 'n Joy","description":"The weekender 2026","potentialAction":[{"@type":"SearchAction","target":{"@type":"EntryPoint","urlTemplate":"https:\/\/www.carsnjoy.nl\/de\/?s={search_term_string}"},"query-input":{"@type":"PropertyValueSpecification","valueRequired":true,"valueName":"search_term_string"}}],"inLanguage":"de"}]}},"_links":{"self":[{"href":"https:\/\/www.carsnjoy.nl\/de\/wp-json\/wp\/v2\/pages\/1721","targetHints":{"allow":["GET"]}}],"collection":[{"href":"https:\/\/www.carsnjoy.nl\/de\/wp-json\/wp\/v2\/pages"}],"about":[{"href":"https:\/\/www.carsnjoy.nl\/de\/wp-json\/wp\/v2\/types\/page"}],"author":[{"embeddable":true,"href":"https:\/\/www.carsnjoy.nl\/de\/wp-json\/wp\/v2\/users\/1"}],"replies":[{"embeddable":true,"href":"https:\/\/www.carsnjoy.nl\/de\/wp-json\/wp\/v2\/comments?post=1721"}],"version-history":[{"count":6,"href":"https:\/\/www.carsnjoy.nl\/de\/wp-json\/wp\/v2\/pages\/1721\/revisions"}],"predecessor-version":[{"id":2219,"href":"https:\/\/www.carsnjoy.nl\/de\/wp-json\/wp\/v2\/pages\/1721\/revisions\/2219"}],"wp:attachment":[{"href":"https:\/\/www.carsnjoy.nl\/de\/wp-json\/wp\/v2\/media?parent=1721"}],"curies":[{"name":"wp","href":"https:\/\/api.w.org\/{rel}","templated":true}]}}