{"id":1601,"date":"2025-11-18T14:00:09","date_gmt":"2025-11-18T14:00:09","guid":{"rendered":"https:\/\/www.carsnjoy.nl\/partenaires\/"},"modified":"2026-02-23T14:24:04","modified_gmt":"2026-02-23T14:24:04","slug":"partenaires","status":"publish","type":"page","link":"https:\/\/www.carsnjoy.nl\/fr\/partenaires\/","title":{"rendered":"Partenaires"},"content":{"rendered":"<p>[et_pb_section fb_built=\u00a0\u00bb1&Prime; theme_builder_area=\u00a0\u00bbpost_content\u00a0\u00bb _builder_version=\u00a0\u00bb4.27.5&Prime; _module_preset=\u00a0\u00bbdefault\u00a0\u00bb][et_pb_row _builder_version=\u00a0\u00bb4.27.5&Prime; _module_preset=\u00a0\u00bbdefault\u00a0\u00bb theme_builder_area=\u00a0\u00bbpost_content\u00a0\u00bb][et_pb_column _builder_version=\u00a0\u00bb4.27.5&Prime; _module_preset=\u00a0\u00bbdefault\u00a0\u00bb type=\u00a0\u00bb4_4&Prime; theme_builder_area=\u00a0\u00bbpost_content\u00a0\u00bb][et_pb_text _builder_version=\u00a0\u00bb4.27.5&Prime; _module_preset=\u00a0\u00bbdefault\u00a0\u00bb theme_builder_area=\u00a0\u00bbpost_content\u00a0\u00bb hover_enabled=\u00a0\u00bb0&Prime; sticky_enabled=\u00a0\u00bb0&Prime;]<\/p>\n<h1>Partenaires<\/h1>\n<p>&nbsp;<\/p>\n<p>[\/et_pb_text][\/et_pb_column][\/et_pb_row][\/et_pb_section][et_pb_section fb_built=\u00a0\u00bb1&Prime; module_class=\u00a0\u00bbpartners arrow_down\u00a0\u00bb _builder_version=\u00a0\u00bb4.27.5&Prime; _module_preset=\u00a0\u00bbdefault\u00a0\u00bb saved_tabs=\u00a0\u00bball\u00a0\u00bb global_colors_info=\u00a0\u00bb{}\u00a0\u00bb global_module=\u00a0\u00bb662&Prime; theme_builder_area=\u00a0\u00bbpost_content\u00a0\u00bb][et_pb_row _builder_version=\u00a0\u00bb4.27.5&Prime; _module_preset=\u00a0\u00bbdefault\u00a0\u00bb global_colors_info=\u00a0\u00bb{}\u00a0\u00bb theme_builder_area=\u00a0\u00bbpost_content\u00a0\u00bb][et_pb_column type=\u00a0\u00bb4_4&Prime; _builder_version=\u00a0\u00bb4.27.4&Prime; _module_preset=\u00a0\u00bbdefault\u00a0\u00bb global_colors_info=\u00a0\u00bb{}\u00a0\u00bb theme_builder_area=\u00a0\u00bbpost_content\u00a0\u00bb][et_pb_text admin_label=\u00a0\u00bbPartners\u00a0\u00bb _builder_version=\u00a0\u00bb4.27.4&Prime; _module_preset=\u00a0\u00bbdefault\u00a0\u00bb global_colors_info=\u00a0\u00bb{}\u00a0\u00bb theme_builder_area=\u00a0\u00bbpost_content\u00a0\u00bb]<\/p>\n<p><em>Partenaires<\/em><\/p>\n<h2>B\u00e2tir ensemble une nouvelle marque de r\u00e9f\u00e9rence dans l\u2019exp\u00e9rience automobile<\/h2>\n<p>Chez Cars \u2019n Joy, tout est question de qualit\u00e9, d\u2019ambiance et d\u2019exp\u00e9rience, ce que nous ne pouvons r\u00e9aliser qu\u2019avec des partenaires partageant la m\u00eame passion. Nous travaillons avec des marques, des organisations et des entrepreneurs qui veulent contribuer \u00e0 un week-end dont les visiteurs se souviendront longtemps. <\/p>\n<p>[\/et_pb_text][\/et_pb_column][\/et_pb_row][et_pb_row column_structure=\u00a0\u00bb1_5,1_5,1_5,1_5,1_5&Prime; module_class=\u00a0\u00bbpartners_row\u00a0\u00bb _builder_version=\u00a0\u00bb4.27.5&Prime; _module_preset=\u00a0\u00bbdefault\u00a0\u00bb global_colors_info=\u00a0\u00bb{}\u00a0\u00bb theme_builder_area=\u00a0\u00bbpost_content\u00a0\u00bb][et_pb_column type=\u00a0\u00bb1_5&Prime; _builder_version=\u00a0\u00bb4.27.4&Prime; _module_preset=\u00a0\u00bbdefault\u00a0\u00bb global_colors_info=\u00a0\u00bb{}\u00a0\u00bb theme_builder_area=\u00a0\u00bbpost_content\u00a0\u00bb][et_pb_text admin_label=\u00a0\u00bbAutoblog\u00a0\u00bb module_class=\u00a0\u00bbpartner\u00a0\u00bb _builder_version=\u00a0\u00bb4.27.5&Prime; _module_preset=\u00a0\u00bbdefault\u00a0\u00bb global_colors_info=\u00a0\u00bb{}\u00a0\u00bb theme_builder_area=\u00a0\u00bbpost_content\u00a0\u00bb]<\/p>\n<p><img loading=\"lazy\" decoding=\"async\" class=\"wp-image-160 alignnone size-medium\" src=\"https:\/\/www.carsnjoy.nl\/wp-content\/uploads\/2025\/11\/Autoblog-logo-website-300x164.png\" alt=\"Logo Autoblog\" width=\"300\" height=\"164\"><\/p>\n<p>[\/et_pb_text][\/et_pb_column][et_pb_column type=\u00a0\u00bb1_5&Prime; _builder_version=\u00a0\u00bb4.27.4&Prime; _module_preset=\u00a0\u00bbdefault\u00a0\u00bb global_colors_info=\u00a0\u00bb{}\u00a0\u00bb theme_builder_area=\u00a0\u00bbpost_content\u00a0\u00bb][et_pb_text admin_label=\u00a0\u00bbHouse of Cars\u00a0\u00bb module_class=\u00a0\u00bbpartner\u00a0\u00bb _builder_version=\u00a0\u00bb4.27.5&Prime; _module_preset=\u00a0\u00bbdefault\u00a0\u00bb global_colors_info=\u00a0\u00bb{}\u00a0\u00bb theme_builder_area=\u00a0\u00bbpost_content\u00a0\u00bb]<\/p>\n<p><img loading=\"lazy\" decoding=\"async\" class=\"wp-image-152 alignnone size-full\" src=\"https:\/\/www.carsnjoy.nl\/wp-content\/uploads\/2025\/11\/houseofcars.png\" alt=\"house of cars\" width=\"300\" height=\"110\"><\/p>\n<p>[\/et_pb_text][\/et_pb_column][et_pb_column type=\u00a0\u00bb1_5&Prime; _builder_version=\u00a0\u00bb4.27.4&Prime; _module_preset=\u00a0\u00bbdefault\u00a0\u00bb global_colors_info=\u00a0\u00bb{}\u00a0\u00bb theme_builder_area=\u00a0\u00bbpost_content\u00a0\u00bb][et_pb_text admin_label=\u00a0\u00bbAutosportveghel\u00a0\u00bb module_class=\u00a0\u00bbpartner\u00a0\u00bb _builder_version=\u00a0\u00bb4.27.5&Prime; _module_preset=\u00a0\u00bbdefault\u00a0\u00bb global_colors_info=\u00a0\u00bb{}\u00a0\u00bb theme_builder_area=\u00a0\u00bbpost_content\u00a0\u00bb]<\/p>\n<p><img loading=\"lazy\" decoding=\"async\" class=\"wp-image-791 alignnone size-full\" src=\"https:\/\/www.carsnjoy.nl\/wp-content\/uploads\/2025\/12\/autosportveghel.png\" alt=\"Logo Auto Sport Veghel Partenaire Cars n Joy\" width=\"300\" height=\"110\"><\/p>\n<p>[\/et_pb_text][\/et_pb_column][et_pb_column type=\u00a0\u00bb1_5&Prime; _builder_version=\u00a0\u00bb4.27.4&Prime; _module_preset=\u00a0\u00bbdefault\u00a0\u00bb global_colors_info=\u00a0\u00bb{}\u00a0\u00bb theme_builder_area=\u00a0\u00bbpost_content\u00a0\u00bb][et_pb_text admin_label=\u00a0\u00bbDetailrs\u00a0\u00bb module_class=\u00a0\u00bbpartner\u00a0\u00bb _builder_version=\u00a0\u00bb4.27.5&Prime; _module_preset=\u00a0\u00bbdefault\u00a0\u00bb global_colors_info=\u00a0\u00bb{}\u00a0\u00bb theme_builder_area=\u00a0\u00bbpost_content\u00a0\u00bb]<\/p>\n<p><img loading=\"lazy\" decoding=\"async\" class=\"wp-image-793 alignnone size-full\" src=\"https:\/\/www.carsnjoy.nl\/wp-content\/uploads\/2025\/12\/detailrs.png\" alt=\"logo detailrs partenaire cars n joy autofestival\" width=\"300\" height=\"110\"><\/p>\n<p>[\/et_pb_text][\/et_pb_column][et_pb_column type=\u00a0\u00bb1_5&Prime; _builder_version=\u00a0\u00bb4.27.4&Prime; _module_preset=\u00a0\u00bbdefault\u00a0\u00bb global_colors_info=\u00a0\u00bb{}\u00a0\u00bb theme_builder_area=\u00a0\u00bbpost_content\u00a0\u00bb][et_pb_text admin_label=\u00a0\u00bbraceplannet\u00a0\u00bb module_class=\u00a0\u00bbpartner\u00a0\u00bb _builder_version=\u00a0\u00bb4.27.5&Prime; _module_preset=\u00a0\u00bbdefault\u00a0\u00bb global_colors_info=\u00a0\u00bb{}\u00a0\u00bb theme_builder_area=\u00a0\u00bbpost_content\u00a0\u00bb]<\/p>\n<p><img loading=\"lazy\" decoding=\"async\" class=\"wp-image-866 alignnone size-full\" src=\"https:\/\/www.carsnjoy.nl\/wp-content\/uploads\/2025\/12\/raceplannet.png\" alt=\"raceplannet\" width=\"127\" height=\"110\"><\/p>\n<p>[\/et_pb_text][\/et_pb_column][\/et_pb_row][et_pb_row _builder_version=\u00a0\u00bb4.27.4&Prime; _module_preset=\u00a0\u00bbdefault\u00a0\u00bb global_colors_info=\u00a0\u00bb{}\u00a0\u00bb theme_builder_area=\u00a0\u00bbpost_content\u00a0\u00bb][et_pb_column type=\u00a0\u00bb4_4&Prime; _builder_version=\u00a0\u00bb4.27.4&Prime; _module_preset=\u00a0\u00bbdefault\u00a0\u00bb global_colors_info=\u00a0\u00bb{}\u00a0\u00bb theme_builder_area=\u00a0\u00bbpost_content\u00a0\u00bb][et_pb_text admin_label=\u00a0\u00bbWordt partner\u00a0\u00bb _builder_version=\u00a0\u00bb4.27.5&Prime; _module_preset=\u00a0\u00bbdefault\u00a0\u00bb global_colors_info=\u00a0\u00bb{}\u00a0\u00bb theme_builder_area=\u00a0\u00bbpost_content\u00a0\u00bb]<\/p>\n<a href='\/partner-worden\/' class='small-button smallblue'>Deviens partenaire<\/a>\n<p>[\/et_pb_text][\/et_pb_column][\/et_pb_row][\/et_pb_section]<\/p>\n","protected":false},"excerpt":{"rendered":"<p>Partenaires &nbsp;Partenaires B\u00e2tir ensemble une nouvelle marque de r\u00e9f\u00e9rence dans l\u2019exp\u00e9rience automobile Chez Cars \u2019n Joy, tout est question de qualit\u00e9, d\u2019ambiance et d\u2019exp\u00e9rience, ce que nous ne pouvons r\u00e9aliser qu\u2019avec des partenaires partageant la m\u00eame passion. Nous travaillons avec des marques, des organisations et des entrepreneurs qui veulent contribuer \u00e0 un week-end dont les [&hellip;]<\/p>\n","protected":false},"author":1,"featured_media":0,"parent":0,"menu_order":0,"comment_status":"closed","ping_status":"closed","template":"","meta":{"_et_pb_use_builder":"on","_et_pb_old_content":"","_et_gb_content_width":"","footnotes":""},"class_list":["post-1601","page","type-page","status-publish","hentry"],"yoast_head":"<!-- This site is optimized with the Yoast SEO plugin v27.0 - https:\/\/yoast.com\/product\/yoast-seo-wordpress\/ -->\n<title>Partenaires - Cars &#039;n Joy<\/title>\n<meta name=\"robots\" content=\"index, follow, max-snippet:-1, max-image-preview:large, max-video-preview:-1\" \/>\n<link rel=\"canonical\" href=\"https:\/\/www.carsnjoy.nl\/fr\/partenaires\/\" \/>\n<meta property=\"og:locale\" content=\"fr_FR\" \/>\n<meta property=\"og:type\" content=\"article\" \/>\n<meta property=\"og:title\" content=\"Partenaires - Cars &#039;n Joy\" \/>\n<meta property=\"og:description\" content=\"Partenaires &nbsp;Partenaires B\u00e2tir ensemble une nouvelle marque de r\u00e9f\u00e9rence dans l\u2019exp\u00e9rience automobile Chez Cars \u2019n Joy, tout est question de qualit\u00e9, d\u2019ambiance et d\u2019exp\u00e9rience, ce que nous ne pouvons r\u00e9aliser qu\u2019avec des partenaires partageant la m\u00eame passion. Nous travaillons avec des marques, des organisations et des entrepreneurs qui veulent contribuer \u00e0 un week-end dont les [&hellip;]\" \/>\n<meta property=\"og:url\" content=\"https:\/\/www.carsnjoy.nl\/fr\/partenaires\/\" \/>\n<meta property=\"og:site_name\" content=\"Cars &#039;n Joy\" \/>\n<meta property=\"article:modified_time\" content=\"2026-02-23T14:24:04+00:00\" \/>\n<meta property=\"og:image\" content=\"https:\/\/www.carsnjoy.nl\/wp-content\/uploads\/2025\/11\/Autoblog-logo-website.png\" \/>\n\t<meta property=\"og:image:width\" content=\"512\" \/>\n\t<meta property=\"og:image:height\" content=\"280\" \/>\n\t<meta property=\"og:image:type\" content=\"image\/png\" \/>\n<meta name=\"twitter:card\" content=\"summary_large_image\" \/>\n<meta name=\"twitter:label1\" content=\"Dur\u00e9e de lecture estim\u00e9e\" \/>\n\t<meta name=\"twitter:data1\" content=\"3 minutes\" \/>\n<script type=\"application\/ld+json\" class=\"yoast-schema-graph\">{\"@context\":\"https:\/\/schema.org\",\"@graph\":[{\"@type\":\"WebPage\",\"@id\":\"https:\/\/www.carsnjoy.nl\/fr\/partenaires\/\",\"url\":\"https:\/\/www.carsnjoy.nl\/fr\/partenaires\/\",\"name\":\"Partenaires - Cars &#039;n Joy\",\"isPartOf\":{\"@id\":\"https:\/\/www.carsnjoy.nl\/fr\/#website\"},\"primaryImageOfPage\":{\"@id\":\"https:\/\/www.carsnjoy.nl\/fr\/partenaires\/#primaryimage\"},\"image\":{\"@id\":\"https:\/\/www.carsnjoy.nl\/fr\/partenaires\/#primaryimage\"},\"thumbnailUrl\":\"https:\/\/www.carsnjoy.nl\/wp-content\/uploads\/2025\/11\/Autoblog-logo-website-300x164.png\",\"datePublished\":\"2025-11-18T14:00:09+00:00\",\"dateModified\":\"2026-02-23T14:24:04+00:00\",\"breadcrumb\":{\"@id\":\"https:\/\/www.carsnjoy.nl\/fr\/partenaires\/#breadcrumb\"},\"inLanguage\":\"fr-FR\",\"potentialAction\":[{\"@type\":\"ReadAction\",\"target\":[\"https:\/\/www.carsnjoy.nl\/fr\/partenaires\/\"]}]},{\"@type\":\"ImageObject\",\"inLanguage\":\"fr-FR\",\"@id\":\"https:\/\/www.carsnjoy.nl\/fr\/partenaires\/#primaryimage\",\"url\":\"https:\/\/www.carsnjoy.nl\/wp-content\/uploads\/2025\/11\/Autoblog-logo-website-300x164.png\",\"contentUrl\":\"https:\/\/www.carsnjoy.nl\/wp-content\/uploads\/2025\/11\/Autoblog-logo-website-300x164.png\"},{\"@type\":\"BreadcrumbList\",\"@id\":\"https:\/\/www.carsnjoy.nl\/fr\/partenaires\/#breadcrumb\",\"itemListElement\":[{\"@type\":\"ListItem\",\"position\":1,\"name\":\"Home\",\"item\":\"https:\/\/www.carsnjoy.nl\/fr\/accueil\/\"},{\"@type\":\"ListItem\",\"position\":2,\"name\":\"Partenaires\"}]},{\"@type\":\"WebSite\",\"@id\":\"https:\/\/www.carsnjoy.nl\/fr\/#website\",\"url\":\"https:\/\/www.carsnjoy.nl\/fr\/\",\"name\":\"Cars 'n Joy\",\"description\":\"The weekender 2026\",\"potentialAction\":[{\"@type\":\"SearchAction\",\"target\":{\"@type\":\"EntryPoint\",\"urlTemplate\":\"https:\/\/www.carsnjoy.nl\/fr\/?s={search_term_string}\"},\"query-input\":{\"@type\":\"PropertyValueSpecification\",\"valueRequired\":true,\"valueName\":\"search_term_string\"}}],\"inLanguage\":\"fr-FR\"}]}<\/script>\n<!-- \/ Yoast SEO plugin. -->","yoast_head_json":{"title":"Partenaires - Cars &#039;n Joy","robots":{"index":"index","follow":"follow","max-snippet":"max-snippet:-1","max-image-preview":"max-image-preview:large","max-video-preview":"max-video-preview:-1"},"canonical":"https:\/\/www.carsnjoy.nl\/fr\/partenaires\/","og_locale":"fr_FR","og_type":"article","og_title":"Partenaires - Cars &#039;n Joy","og_description":"Partenaires &nbsp;Partenaires B\u00e2tir ensemble une nouvelle marque de r\u00e9f\u00e9rence dans l\u2019exp\u00e9rience automobile Chez Cars \u2019n Joy, tout est question de qualit\u00e9, d\u2019ambiance et d\u2019exp\u00e9rience, ce que nous ne pouvons r\u00e9aliser qu\u2019avec des partenaires partageant la m\u00eame passion. Nous travaillons avec des marques, des organisations et des entrepreneurs qui veulent contribuer \u00e0 un week-end dont les [&hellip;]","og_url":"https:\/\/www.carsnjoy.nl\/fr\/partenaires\/","og_site_name":"Cars &#039;n Joy","article_modified_time":"2026-02-23T14:24:04+00:00","og_image":[{"width":512,"height":280,"url":"https:\/\/www.carsnjoy.nl\/wp-content\/uploads\/2025\/11\/Autoblog-logo-website.png","type":"image\/png"}],"twitter_card":"summary_large_image","twitter_misc":{"Dur\u00e9e de lecture estim\u00e9e":"3 minutes"},"schema":{"@context":"https:\/\/schema.org","@graph":[{"@type":"WebPage","@id":"https:\/\/www.carsnjoy.nl\/fr\/partenaires\/","url":"https:\/\/www.carsnjoy.nl\/fr\/partenaires\/","name":"Partenaires - Cars &#039;n Joy","isPartOf":{"@id":"https:\/\/www.carsnjoy.nl\/fr\/#website"},"primaryImageOfPage":{"@id":"https:\/\/www.carsnjoy.nl\/fr\/partenaires\/#primaryimage"},"image":{"@id":"https:\/\/www.carsnjoy.nl\/fr\/partenaires\/#primaryimage"},"thumbnailUrl":"https:\/\/www.carsnjoy.nl\/wp-content\/uploads\/2025\/11\/Autoblog-logo-website-300x164.png","datePublished":"2025-11-18T14:00:09+00:00","dateModified":"2026-02-23T14:24:04+00:00","breadcrumb":{"@id":"https:\/\/www.carsnjoy.nl\/fr\/partenaires\/#breadcrumb"},"inLanguage":"fr-FR","potentialAction":[{"@type":"ReadAction","target":["https:\/\/www.carsnjoy.nl\/fr\/partenaires\/"]}]},{"@type":"ImageObject","inLanguage":"fr-FR","@id":"https:\/\/www.carsnjoy.nl\/fr\/partenaires\/#primaryimage","url":"https:\/\/www.carsnjoy.nl\/wp-content\/uploads\/2025\/11\/Autoblog-logo-website-300x164.png","contentUrl":"https:\/\/www.carsnjoy.nl\/wp-content\/uploads\/2025\/11\/Autoblog-logo-website-300x164.png"},{"@type":"BreadcrumbList","@id":"https:\/\/www.carsnjoy.nl\/fr\/partenaires\/#breadcrumb","itemListElement":[{"@type":"ListItem","position":1,"name":"Home","item":"https:\/\/www.carsnjoy.nl\/fr\/accueil\/"},{"@type":"ListItem","position":2,"name":"Partenaires"}]},{"@type":"WebSite","@id":"https:\/\/www.carsnjoy.nl\/fr\/#website","url":"https:\/\/www.carsnjoy.nl\/fr\/","name":"Cars 'n Joy","description":"The weekender 2026","potentialAction":[{"@type":"SearchAction","target":{"@type":"EntryPoint","urlTemplate":"https:\/\/www.carsnjoy.nl\/fr\/?s={search_term_string}"},"query-input":{"@type":"PropertyValueSpecification","valueRequired":true,"valueName":"search_term_string"}}],"inLanguage":"fr-FR"}]}},"_links":{"self":[{"href":"https:\/\/www.carsnjoy.nl\/fr\/wp-json\/wp\/v2\/pages\/1601","targetHints":{"allow":["GET"]}}],"collection":[{"href":"https:\/\/www.carsnjoy.nl\/fr\/wp-json\/wp\/v2\/pages"}],"about":[{"href":"https:\/\/www.carsnjoy.nl\/fr\/wp-json\/wp\/v2\/types\/page"}],"author":[{"embeddable":true,"href":"https:\/\/www.carsnjoy.nl\/fr\/wp-json\/wp\/v2\/users\/1"}],"replies":[{"embeddable":true,"href":"https:\/\/www.carsnjoy.nl\/fr\/wp-json\/wp\/v2\/comments?post=1601"}],"version-history":[{"count":4,"href":"https:\/\/www.carsnjoy.nl\/fr\/wp-json\/wp\/v2\/pages\/1601\/revisions"}],"predecessor-version":[{"id":1607,"href":"https:\/\/www.carsnjoy.nl\/fr\/wp-json\/wp\/v2\/pages\/1601\/revisions\/1607"}],"wp:attachment":[{"href":"https:\/\/www.carsnjoy.nl\/fr\/wp-json\/wp\/v2\/media?parent=1601"}],"curies":[{"name":"wp","href":"https:\/\/api.w.org\/{rel}","templated":true}]}}