{"id":1648,"date":"2025-11-19T10:52:50","date_gmt":"2025-11-19T10:52:50","guid":{"rendered":"https:\/\/www.carsnjoy.nl\/medias-presse\/"},"modified":"2025-11-19T10:52:50","modified_gmt":"2025-11-19T10:52:50","slug":"medias-presse","status":"publish","type":"page","link":"https:\/\/www.carsnjoy.nl\/fr\/medias-presse\/","title":{"rendered":"M\u00e9dias &amp; Presse"},"content":{"rendered":"<p><strong>Accr\u00e9ditation &amp; demandes de presse<\/strong><br \/>\nLes journalistes, r\u00e9dactions, photographes et cr\u00e9ateurs (de contenu) sont les bienvenus \u00e0 Cars \u2019n Joy. Pour toute question relative \u00e0 la presse, aux interviews et aux collaborations, tu peux nous contacter via : <strong>info@carsnjoy.nl<\/strong> en pr\u00e9cisant de pr\u00e9f\u00e9rence : <\/p>\n<ul>\n<li>Nom &amp; m\u00e9dia<\/li>\n<li>Type de demande (par ex. article, photographie, vid\u00e9o, interview, chasuble de presse, autre)<\/li>\n<li>Objectif de publication<\/li>\n<\/ul>\n<p><strong>Mat\u00e9riel de presse<\/strong><br \/>\nNous proposons des photos de presse, des logos, des images d\u2019ambiance et des textes sur demande. Contacte-nous via : <strong>info@carsnjoy.nl<\/strong> <\/p>\n","protected":false},"excerpt":{"rendered":"<p>Accr\u00e9ditation &amp; demandes de presse Les journalistes, r\u00e9dactions, photographes et cr\u00e9ateurs (de contenu) sont les bienvenus \u00e0 Cars \u2019n Joy. Pour toute question relative \u00e0 la presse, aux interviews et aux collaborations, tu peux nous contacter via : info@carsnjoy.nl en pr\u00e9cisant de pr\u00e9f\u00e9rence : Nom &amp; m\u00e9dia Type de demande (par ex. article, photographie, vid\u00e9o, [&hellip;]<\/p>\n","protected":false},"author":1,"featured_media":0,"parent":0,"menu_order":0,"comment_status":"closed","ping_status":"closed","template":"","meta":{"_et_pb_use_builder":"","_et_pb_old_content":"","_et_gb_content_width":"","footnotes":""},"class_list":["post-1648","page","type-page","status-publish","hentry"],"yoast_head":"<!-- This site is optimized with the Yoast SEO plugin v27.0 - https:\/\/yoast.com\/product\/yoast-seo-wordpress\/ -->\n<title>M\u00e9dias &amp; Presse - Cars &#039;n Joy<\/title>\n<meta name=\"robots\" content=\"index, follow, max-snippet:-1, max-image-preview:large, max-video-preview:-1\" \/>\n<link rel=\"canonical\" href=\"https:\/\/www.carsnjoy.nl\/fr\/medias-presse\/\" \/>\n<meta property=\"og:locale\" content=\"fr_FR\" \/>\n<meta property=\"og:type\" content=\"article\" \/>\n<meta property=\"og:title\" content=\"M\u00e9dias &amp; Presse - Cars &#039;n Joy\" \/>\n<meta property=\"og:description\" content=\"Accr\u00e9ditation &amp; demandes de presse Les journalistes, r\u00e9dactions, photographes et cr\u00e9ateurs (de contenu) sont les bienvenus \u00e0 Cars \u2019n Joy. Pour toute question relative \u00e0 la presse, aux interviews et aux collaborations, tu peux nous contacter via : info@carsnjoy.nl en pr\u00e9cisant de pr\u00e9f\u00e9rence : Nom &amp; m\u00e9dia Type de demande (par ex. article, photographie, vid\u00e9o, [&hellip;]\" \/>\n<meta property=\"og:url\" content=\"https:\/\/www.carsnjoy.nl\/fr\/medias-presse\/\" \/>\n<meta property=\"og:site_name\" content=\"Cars &#039;n Joy\" \/>\n<meta name=\"twitter:card\" content=\"summary_large_image\" \/>\n<script type=\"application\/ld+json\" class=\"yoast-schema-graph\">{\"@context\":\"https:\/\/schema.org\",\"@graph\":[{\"@type\":\"WebPage\",\"@id\":\"https:\/\/www.carsnjoy.nl\/fr\/medias-presse\/\",\"url\":\"https:\/\/www.carsnjoy.nl\/fr\/medias-presse\/\",\"name\":\"M\u00e9dias &amp; Presse - Cars &#039;n Joy\",\"isPartOf\":{\"@id\":\"https:\/\/www.carsnjoy.nl\/fr\/#website\"},\"datePublished\":\"2025-11-19T10:52:50+00:00\",\"breadcrumb\":{\"@id\":\"https:\/\/www.carsnjoy.nl\/fr\/medias-presse\/#breadcrumb\"},\"inLanguage\":\"fr-FR\",\"potentialAction\":[{\"@type\":\"ReadAction\",\"target\":[\"https:\/\/www.carsnjoy.nl\/fr\/medias-presse\/\"]}]},{\"@type\":\"BreadcrumbList\",\"@id\":\"https:\/\/www.carsnjoy.nl\/fr\/medias-presse\/#breadcrumb\",\"itemListElement\":[{\"@type\":\"ListItem\",\"position\":1,\"name\":\"Home\",\"item\":\"https:\/\/www.carsnjoy.nl\/fr\/accueil\/\"},{\"@type\":\"ListItem\",\"position\":2,\"name\":\"M\u00e9dias &amp; Presse\"}]},{\"@type\":\"WebSite\",\"@id\":\"https:\/\/www.carsnjoy.nl\/fr\/#website\",\"url\":\"https:\/\/www.carsnjoy.nl\/fr\/\",\"name\":\"Cars 'n Joy\",\"description\":\"The weekender 2026\",\"potentialAction\":[{\"@type\":\"SearchAction\",\"target\":{\"@type\":\"EntryPoint\",\"urlTemplate\":\"https:\/\/www.carsnjoy.nl\/fr\/?s={search_term_string}\"},\"query-input\":{\"@type\":\"PropertyValueSpecification\",\"valueRequired\":true,\"valueName\":\"search_term_string\"}}],\"inLanguage\":\"fr-FR\"}]}<\/script>\n<!-- \/ Yoast SEO plugin. -->","yoast_head_json":{"title":"M\u00e9dias &amp; Presse - Cars &#039;n Joy","robots":{"index":"index","follow":"follow","max-snippet":"max-snippet:-1","max-image-preview":"max-image-preview:large","max-video-preview":"max-video-preview:-1"},"canonical":"https:\/\/www.carsnjoy.nl\/fr\/medias-presse\/","og_locale":"fr_FR","og_type":"article","og_title":"M\u00e9dias &amp; Presse - Cars &#039;n Joy","og_description":"Accr\u00e9ditation &amp; demandes de presse Les journalistes, r\u00e9dactions, photographes et cr\u00e9ateurs (de contenu) sont les bienvenus \u00e0 Cars \u2019n Joy. Pour toute question relative \u00e0 la presse, aux interviews et aux collaborations, tu peux nous contacter via : info@carsnjoy.nl en pr\u00e9cisant de pr\u00e9f\u00e9rence : Nom &amp; m\u00e9dia Type de demande (par ex. article, photographie, vid\u00e9o, [&hellip;]","og_url":"https:\/\/www.carsnjoy.nl\/fr\/medias-presse\/","og_site_name":"Cars &#039;n Joy","twitter_card":"summary_large_image","schema":{"@context":"https:\/\/schema.org","@graph":[{"@type":"WebPage","@id":"https:\/\/www.carsnjoy.nl\/fr\/medias-presse\/","url":"https:\/\/www.carsnjoy.nl\/fr\/medias-presse\/","name":"M\u00e9dias &amp; Presse - Cars &#039;n Joy","isPartOf":{"@id":"https:\/\/www.carsnjoy.nl\/fr\/#website"},"datePublished":"2025-11-19T10:52:50+00:00","breadcrumb":{"@id":"https:\/\/www.carsnjoy.nl\/fr\/medias-presse\/#breadcrumb"},"inLanguage":"fr-FR","potentialAction":[{"@type":"ReadAction","target":["https:\/\/www.carsnjoy.nl\/fr\/medias-presse\/"]}]},{"@type":"BreadcrumbList","@id":"https:\/\/www.carsnjoy.nl\/fr\/medias-presse\/#breadcrumb","itemListElement":[{"@type":"ListItem","position":1,"name":"Home","item":"https:\/\/www.carsnjoy.nl\/fr\/accueil\/"},{"@type":"ListItem","position":2,"name":"M\u00e9dias &amp; Presse"}]},{"@type":"WebSite","@id":"https:\/\/www.carsnjoy.nl\/fr\/#website","url":"https:\/\/www.carsnjoy.nl\/fr\/","name":"Cars 'n Joy","description":"The weekender 2026","potentialAction":[{"@type":"SearchAction","target":{"@type":"EntryPoint","urlTemplate":"https:\/\/www.carsnjoy.nl\/fr\/?s={search_term_string}"},"query-input":{"@type":"PropertyValueSpecification","valueRequired":true,"valueName":"search_term_string"}}],"inLanguage":"fr-FR"}]}},"_links":{"self":[{"href":"https:\/\/www.carsnjoy.nl\/fr\/wp-json\/wp\/v2\/pages\/1648","targetHints":{"allow":["GET"]}}],"collection":[{"href":"https:\/\/www.carsnjoy.nl\/fr\/wp-json\/wp\/v2\/pages"}],"about":[{"href":"https:\/\/www.carsnjoy.nl\/fr\/wp-json\/wp\/v2\/types\/page"}],"author":[{"embeddable":true,"href":"https:\/\/www.carsnjoy.nl\/fr\/wp-json\/wp\/v2\/users\/1"}],"replies":[{"embeddable":true,"href":"https:\/\/www.carsnjoy.nl\/fr\/wp-json\/wp\/v2\/comments?post=1648"}],"version-history":[{"count":0,"href":"https:\/\/www.carsnjoy.nl\/fr\/wp-json\/wp\/v2\/pages\/1648\/revisions"}],"wp:attachment":[{"href":"https:\/\/www.carsnjoy.nl\/fr\/wp-json\/wp\/v2\/media?parent=1648"}],"curies":[{"name":"wp","href":"https:\/\/api.w.org\/{rel}","templated":true}]}}