{"id":1667,"date":"2025-12-12T15:07:32","date_gmt":"2025-12-12T15:07:32","guid":{"rendered":"https:\/\/www.carsnjoy.nl\/reglement-interieur\/"},"modified":"2025-12-12T15:07:32","modified_gmt":"2025-12-12T15:07:32","slug":"reglement-interieur","status":"publish","type":"page","link":"https:\/\/www.carsnjoy.nl\/fr\/reglement-interieur\/","title":{"rendered":"R\u00e8glement int\u00e9rieur"},"content":{"rendered":"<p><b>R\u00c8GLEMENT INT\u00c9RIEUR <\/b> <b>&#8211;<\/b> <b>CARS \u2019N JOY FESTIVAL 2026<\/b><\/p>\n<p>Ce r\u00e8glement int\u00e9rieur s&rsquo;applique \u00e0 tous les visiteurs de Cars \u2019n Joy. En acc\u00e9dant au site de l&rsquo;\u00e9v\u00e9nement, tu acceptes automatiquement les dispositions ci-dessous. <\/p>\n<ol>\n<li><b>  G\u00e9n\u00e9ralit\u00e9s<\/b><\/li>\n<\/ol>\n<ol>\n<li aria-level=\"1\">Cars \u2019n Joy se r\u00e9serve le droit de modifier la politique de l&rsquo;\u00e9v\u00e9nement et ce r\u00e8glement int\u00e9rieur \u00e0 tout moment.<\/li>\n<li aria-level=\"1\">L&rsquo;organisation peut refuser ou interdire l&rsquo;acc\u00e8s aux visiteurs \u00e0 tout moment si cela est jug\u00e9 n\u00e9cessaire pour la s\u00e9curit\u00e9, l&rsquo;ordre ou le respect de ces r\u00e8gles.<\/li>\n<li aria-level=\"1\">L&rsquo;acc\u00e8s \u00e0 l&rsquo;\u00e9v\u00e9nement se fait enti\u00e8rement \u00e0 <b>tes propres risques<\/b>.<\/li>\n<\/ol>\n<p>&nbsp;<\/p>\n<ol start=\"2\">\n<li><b>  Billets &amp; Acc\u00e8s<\/b><\/li>\n<\/ol>\n<ol>\n<li aria-level=\"1\">Un billet valide donne un acc\u00e8s unique. Apr\u00e8s le scan du billet, la r\u00e8gle est la suivante : <b>toute sortie est d\u00e9finitive<\/b>. Les allers-retours ne sont pas autoris\u00e9s.  <\/li>\n<li aria-level=\"1\">Les billets ne sont ni \u00e9chang\u00e9s, ni rembours\u00e9s, ni annul\u00e9s.<\/li>\n<li aria-level=\"1\">Les visiteurs doivent pouvoir s&rsquo;identifier avec une pi\u00e8ce d&rsquo;identit\u00e9 valide et l\u00e9galement reconnue.<\/li>\n<li aria-level=\"1\">L&rsquo;organisation peut refuser l&rsquo;acc\u00e8s en cas de comportement inappropri\u00e9, d&rsquo;\u00e9bri\u00e9t\u00e9 ou lorsque la s\u00e9curit\u00e9 est compromise.<\/li>\n<\/ol>\n<p>&nbsp;<\/p>\n<ol start=\"3\">\n<li><b>  S\u00e9curit\u00e9 &amp; Fouille<\/b><\/li>\n<\/ol>\n<ol>\n<li aria-level=\"1\">\u00c0 la demande de la s\u00e9curit\u00e9, chaque visiteur doit coop\u00e9rer \u00e0 une <b>fouille de s\u00e9curit\u00e9 superficielle<\/b>.<\/li>\n<li aria-level=\"1\">Le refus de la fouille entra\u00eene automatiquement l&rsquo;interdiction d&rsquo;acc\u00e8s.<\/li>\n<li aria-level=\"1\">La vid\u00e9osurveillance et d&rsquo;autres syst\u00e8mes de gestion de foule peuvent \u00eatre utilis\u00e9s pour assurer la s\u00e9curit\u00e9.<\/li>\n<li aria-level=\"1\">Les instructions de la s\u00e9curit\u00e9 et du personnel doivent \u00eatre suivies imm\u00e9diatement et <b>\u00e0 tout moment<\/b>.<\/li>\n<\/ol>\n<p>&nbsp;<\/p>\n<ol start=\"4\">\n<li><b>  Objets &amp; Substances Interdits<\/b><\/li>\n<\/ol>\n<p>Les \u00e9l\u00e9ments suivants sont strictement interdits sur le site de l&rsquo;\u00e9v\u00e9nement :<\/p>\n<ul>\n<li aria-level=\"1\">Drogues (possession, usage et trafic)<\/li>\n<li aria-level=\"1\">Protoxyde d&rsquo;azote \/ gaz hilarant<\/li>\n<li aria-level=\"1\">Armes ou objets pouvant \u00eatre utilis\u00e9s comme armes<\/li>\n<li aria-level=\"1\">Propres consommations, alcool, verrerie, canettes, bouteilles<\/li>\n<li aria-level=\"1\">Mati\u00e8res inflammables<\/li>\n<li aria-level=\"1\">\u00c9quipement photo et vid\u00e9o professionnel sans accr\u00e9ditation de presse<\/li>\n<\/ul>\n<p>En cas de d\u00e9couverte de substances interdites ou d&rsquo;armes, l&rsquo;organisation collabore avec la police et les forces de l&rsquo;ordre.<\/p>\n<p>&nbsp;<\/p>\n<ol start=\"5\">\n<li><b> Code de Conduite sur le Site<\/b><\/li>\n<\/ol>\n<ol>\n<li aria-level=\"1\">Les visiteurs ne doivent pas g\u00eaner les autres ; l&rsquo;agression et l&rsquo;intimidation ne sont pas tol\u00e9r\u00e9es.<\/li>\n<li aria-level=\"1\">Toute personne se comportant mal sera <b>imm\u00e9diatement expuls\u00e9e<\/b> du site.<\/li>\n<li aria-level=\"1\">En entrant et en quittant l&rsquo;\u00e9v\u00e9nement, il convient de respecter les riverains ; les nuisances ne sont pas autoris\u00e9es.<\/li>\n<li aria-level=\"1\">Les dommages caus\u00e9s aux v\u00e9hicules, au mat\u00e9riel ou aux propri\u00e9t\u00e9s seront factur\u00e9s \u00e0 l&rsquo;auteur des faits.<\/li>\n<\/ol>\n<p>&nbsp;<\/p>\n<ol start=\"6\">\n<li><b>  Vid\u00e9osurveillance, Photo &amp; Vid\u00e9o<\/b><\/li>\n<\/ol>\n<ol>\n<li aria-level=\"1\">Des prises de vue photo et vid\u00e9o sont r\u00e9alis\u00e9es sur et autour du site de l&rsquo;\u00e9v\u00e9nement.<\/li>\n<li aria-level=\"1\">En entrant, les visiteurs acceptent que ces images puissent \u00eatre utilis\u00e9es par Cars \u2019n Joy \u00e0 des fins promotionnelles et informatives, sans pr\u00e9tendre \u00e0 une quelconque compensation.<\/li>\n<li aria-level=\"1\">L&rsquo;\u00e9quipement photo et vid\u00e9o (semi-)professionnel n&rsquo;est pas autoris\u00e9 sans accr\u00e9ditation de presse pr\u00e9alable.<\/li>\n<li aria-level=\"1\">Les appareils photo compacts et les cam\u00e9ras d&rsquo;action (comme GoPro) sont autoris\u00e9s ; les perches \u00e0 selfie sont interdites.<\/li>\n<\/ol>\n<p>&nbsp;<\/p>\n<ol start=\"7\">\n<li><b>  Risques Personnels, Responsabilit\u00e9 &amp; Sant\u00e9<\/b><\/li>\n<\/ol>\n<ol>\n<li aria-level=\"1\">La visite de Cars \u2019n Joy se fait \u00e0 tes propres risques. L&rsquo;organisation n&rsquo;est pas responsable des :\n<ul>\n<li aria-level=\"2\">dommages, pertes ou vols de biens ;<\/li>\n<li aria-level=\"2\">dommages corporels ;<\/li>\n<li aria-level=\"2\">l\u00e9sions auditives ;<\/li>\n<li aria-level=\"2\">dysfonctionnements techniques ou inexactitudes dans les informations communiqu\u00e9es.<\/li>\n<\/ul>\n<\/li>\n<li aria-level=\"1\">Il est conseill\u00e9 aux visiteurs de porter des protections auditives ; celles-ci sont disponibles sur le site.<\/li>\n<li aria-level=\"1\">Laisser des objets de valeur sans surveillance rel\u00e8ve de ta propre responsabilit\u00e9.<\/li>\n<\/ol>\n<p>&nbsp;<\/p>\n<ol start=\"8\">\n<li><b>  Situations M\u00e9dicales &amp; M\u00e9dicaments<\/b><\/li>\n<\/ol>\n<ol>\n<li aria-level=\"1\">Les visiteurs munis de m\u00e9dicaments autres que leurs m\u00e9dicaments personnels habituels doivent le signaler \u00e0 la s\u00e9curit\u00e9.<\/li>\n<li aria-level=\"1\">Si n\u00e9cessaire, la s\u00e9curit\u00e9 t&rsquo;orientera vers les premiers secours, o\u00f9 les m\u00e9dicaments pourront \u00eatre v\u00e9rifi\u00e9s ou conserv\u00e9s en toute s\u00e9curit\u00e9.<\/li>\n<li aria-level=\"1\">Pour les situations particuli\u00e8res, il est conseill\u00e9 de nous contacter au pr\u00e9alable via <b>info@carsnjoy.nl<\/b>.<\/li>\n<\/ol>\n<p>&nbsp;<\/p>\n<ol start=\"9\">\n<li><b>  Accessibilit\u00e9 (Personnes \u00e0 Mobilit\u00e9 R\u00e9duite)<\/b><\/li>\n<\/ol>\n<ol>\n<li aria-level=\"1\">Cars \u2019n Joy est accessible aux visiteurs \u00e0 mobilit\u00e9 r\u00e9duite. Des passages plus larges et des installations adapt\u00e9es sont pr\u00e9sents l\u00e0 o\u00f9 c&rsquo;est n\u00e9cessaire. <\/li>\n<li aria-level=\"1\">Des toilettes pour personnes \u00e0 mobilit\u00e9 r\u00e9duite sont toujours disponibles.<\/li>\n<li aria-level=\"1\">Les fauteuils roulants et les b\u00e9quilles sont autoris\u00e9s.<\/li>\n<li aria-level=\"1\">Les visiteurs ne peuvent pas apporter leurs propres chaises, m\u00eame en cas de mobilit\u00e9 r\u00e9duite ; l&rsquo;organisation pr\u00e9voit suffisamment de places assises.<\/li>\n<\/ol>\n<ol start=\"10\">\n<li><b>  Animaux de compagnie<\/b><\/li>\n<\/ol>\n<ol>\n<li aria-level=\"1\">Les chiens et autres animaux de compagnie ne sont <b>pas autoris\u00e9s<\/b> sur le site, \u00e0 l&rsquo;exception des chiens d&rsquo;assistance reconnus.<\/li>\n<\/ol>\n<p>&nbsp;<\/p>\n<ol start=\"11\">\n<li><b>  Activit\u00e9s Commerciales<\/b><\/li>\n<\/ol>\n<ol>\n<li aria-level=\"1\">L&rsquo;exercice d&rsquo;activit\u00e9s commerciales, l&rsquo;\u00e9chantillonnage ou la distribution de flyers sans l&rsquo;autorisation \u00e9crite de Cars \u2019n Joy est interdit.<\/li>\n<li aria-level=\"1\">Les infractions entra\u00eenent une expulsion imm\u00e9diate du site.<\/li>\n<\/ol>\n<ol start=\"12\">\n<li><b>  Divers<\/b><\/li>\n<\/ol>\n<ol>\n<li aria-level=\"1\">Cars \u2019n Joy est accessible \u00e0 tous les \u00e2ges.<\/li>\n<li aria-level=\"1\">L&rsquo;organisation se r\u00e9serve le droit d&rsquo;expulser les visiteurs en cas d&rsquo;infraction \u00e0 ce r\u00e8glement int\u00e9rieur, sans remboursement du billet.<\/li>\n<\/ol>\n<p><b>Section Automobile  <\/b><\/p>\n<p><b>Comportement des Conducteurs &amp; V\u00e9hicules sur et autour de l&rsquo;\u00c9v\u00e9nement<\/b><\/p>\n<ol start=\"13\">\n<li><b>  R\u00e8gles de conduite pour les conducteurs et les v\u00e9hicules<\/b><\/li>\n<\/ol>\n<ol>\n<li aria-level=\"1\">Cars \u2019n Joy est un <b>\u00e9v\u00e9nement familial<\/b>. Les conducteurs qui pr\u00e9sentent leur v\u00e9hicule, participent \u00e0 des activit\u00e9s ou se d\u00e9placent sur le site doivent se comporter de mani\u00e8re <b>responsable et respectueuse \u00e0 tout moment<\/b>. <\/li>\n<li aria-level=\"1\">Tous les v\u00e9hicules pr\u00e9sents sur le site de l&rsquo;\u00e9v\u00e9nement sont soumis aux instructions de l&rsquo;organisation, des commissaires et de la s\u00e9curit\u00e9. Ces instructions sont <b>contraignantes<\/b>. <\/li>\n<\/ol>\n<p>&nbsp;<\/p>\n<ol start=\"14\">\n<li><b>  Comportements de conduite interdits<\/b><\/li>\n<\/ol>\n<p>Sur et autour du site de l&rsquo;\u00e9v\u00e9nement, les comportements suivants sont, entre autres, <b>strictement interdits<\/b> :<\/p>\n<ul>\n<li aria-level=\"1\">Acc\u00e9l\u00e9rations ou freinages brusques inutiles<\/li>\n<li aria-level=\"1\">Burn-outs, drifts ou autres cascades<\/li>\n<li aria-level=\"1\">Bruit inutile du moteur ou de l&rsquo;\u00e9chappement (revving)<\/li>\n<li aria-level=\"1\">Utilisation de pops &amp; bangs \/ crackle maps non homologu\u00e9s<\/li>\n<li aria-level=\"1\">Conduite avec des pneus qui crissent ou qui patinent<\/li>\n<li aria-level=\"1\">Vitesse excessive au-del\u00e0 de la limite autoris\u00e9e<\/li>\n<li aria-level=\"1\">Conduite sans assurance ou plaque d&rsquo;immatriculation valide<\/li>\n<\/ul>\n<p>En cas d&rsquo;infraction, une <b>expulsion imm\u00e9diate<\/b> du site suivra, sans remboursement.<\/p>\n<p>&nbsp;<\/p>\n<ol start=\"15\">\n<li><b>  Limitation sonore pour les v\u00e9hicules<\/b><\/li>\n<\/ol>\n<ol>\n<li aria-level=\"1\">Les nuisances sonores provenant des v\u00e9hicules ne sont <b>pas autoris\u00e9es<\/b>, sauf si elles ont lieu dans le cadre d&rsquo;une d\u00e9monstration officielle, d&rsquo;une parade ou d&rsquo;une activit\u00e9 d\u00e9sign\u00e9e par l&rsquo;organisation.<\/li>\n<li aria-level=\"1\">Un test sonore \u00e0 la demande de l&rsquo;organisation peut \u00eatre rendu obligatoire.<\/li>\n<li aria-level=\"1\">L&rsquo;organisation se r\u00e9serve le droit de refuser l&rsquo;acc\u00e8s \u00e0 un v\u00e9hicule en cas de suspicion de production sonore excessive.<\/li>\n<\/ol>\n<p>&nbsp;<\/p>\n<ol start=\"16\">\n<li><b>  Comportement routier sur les itin\u00e9raires vers et depuis l&rsquo;\u00e9v\u00e9nement<\/b><\/li>\n<\/ol>\n<ol>\n<li aria-level=\"1\">Les visiteurs et participants doivent <b>respecter toutes les r\u00e8gles de circulation<\/b> sur la voie publique en direction de l&rsquo;\u00e9v\u00e9nement.<\/li>\n<li aria-level=\"1\">Le comportement routier asocial sur les routes autour de l&rsquo;\u00e9v\u00e9nement (ex. bruit, man\u0153uvres dangereuses, courses de rue, drift) ne sera <b>pas tol\u00e9r\u00e9<\/b>.<\/li>\n<li aria-level=\"1\">Si un tel comportement est constat\u00e9, l&rsquo;organisation collabore activement avec la police et les forces de l&rsquo;ordre.<\/li>\n<li aria-level=\"1\">Les plaques d&rsquo;immatriculation sont transmises \u00e0 la police et \u00e0 la municipalit\u00e9.<\/li>\n<\/ol>\n<p>&nbsp;<\/p>\n<ol start=\"17\">\n<li><b>  Activit\u00e9s officielles &amp; d\u00e9monstrations<\/b><\/li>\n<\/ol>\n<ol>\n<li aria-level=\"1\">Seules les activit\u00e9s pr\u00e9alablement approuv\u00e9es, tol\u00e9r\u00e9es ou d\u00e9sign\u00e9es par Cars \u2019n Joy (telles que d\u00e9mos, parades, moments de show) sont autoris\u00e9es.<\/li>\n<li aria-level=\"1\">En dehors de ces moments fixes, la r\u00e8gle est la suivante : <b>moteur au ralenti et conduite normale<\/b>.<\/li>\n<li aria-level=\"1\">Les participants sont tenus de suivre les instructions de l&rsquo;\u00e9quipe technique ou des commissaires.<\/li>\n<\/ol>\n<ol start=\"18\">\n<li><b>  Sanctions en cas d&rsquo;infraction<\/b><\/li>\n<\/ol>\n<p>En cas d&rsquo;infraction aux r\u00e8gles ci-dessus, une ou plusieurs des mesures suivantes peuvent \u00eatre prises :<\/p>\n<ul>\n<li aria-level=\"1\"><b>Expulsion imm\u00e9diate<\/b> du site de l&rsquo;\u00e9v\u00e9nement<\/li>\n<li aria-level=\"1\"><b>Retrait du bracelet \/ billet<\/b>, sans droit \u00e0 un remboursement<\/li>\n<li aria-level=\"1\"><b>Enregistrement dans un registre d&rsquo;incidents interne<\/b><\/li>\n<li aria-level=\"1\"><b>Blocage pour les prochaines \u00e9ditions<\/b><\/li>\n<li aria-level=\"1\"><b>Transmission de la plaque d&rsquo;immatriculation et des images \u00e0 la police<\/b><\/li>\n<li aria-level=\"1\">Possibles <b>amendes selon le Code de la route<\/b> et les r\u00e8glements municipaux, notamment pour :\n<ul>\n<li aria-level=\"2\">\u00c9mission de bruit inutile (amendes jusqu&rsquo;\u00e0 450 \u20ac+)<\/li>\n<li aria-level=\"2\">Conduite dangereuse (amendes jusqu&rsquo;\u00e0 1 000 \u20ac+ et retrait du permis)<\/li>\n<li aria-level=\"2\">Drift \/ d\u00e9rapage sur la voie publique (amendes de 400 \u20ac \u00e0 1 000 \u20ac+, saisie possible du v\u00e9hicule)<\/li>\n<\/ul>\n<\/li>\n<\/ul>\n<ol start=\"19\">\n<li><b>  Responsabilit\u00e9<\/b><\/li>\n<\/ol>\n<ol>\n<li aria-level=\"1\">Les conducteurs sont eux-m\u00eames enti\u00e8rement responsables des dommages caus\u00e9s par leur v\u00e9hicule.<\/li>\n<li aria-level=\"1\">L&rsquo;organisation ne peut jamais \u00eatre tenue responsable des dommages r\u00e9sultant d&rsquo;une conduite imprudente, dangereuse ou interdite.<\/li>\n<li aria-level=\"1\">Les participants qui am\u00e8nent des v\u00e9hicules sont tenus de s&rsquo;assurer que leur v\u00e9hicule est en ordre de contr\u00f4le technique et assur\u00e9.<\/li>\n<\/ol>\n","protected":false},"excerpt":{"rendered":"<p>R\u00c8GLEMENT INT\u00c9RIEUR &#8211; CARS \u2019N JOY FESTIVAL 2026 Ce r\u00e8glement int\u00e9rieur s&rsquo;applique \u00e0 tous les visiteurs de Cars \u2019n Joy. En acc\u00e9dant au site de l&rsquo;\u00e9v\u00e9nement, tu acceptes automatiquement les dispositions ci-dessous. G\u00e9n\u00e9ralit\u00e9s Cars \u2019n Joy se r\u00e9serve le droit de modifier la politique de l&rsquo;\u00e9v\u00e9nement et ce r\u00e8glement int\u00e9rieur \u00e0 tout moment. L&rsquo;organisation peut [&hellip;]<\/p>\n","protected":false},"author":1,"featured_media":0,"parent":0,"menu_order":0,"comment_status":"closed","ping_status":"closed","template":"","meta":{"_et_pb_use_builder":"","_et_pb_old_content":"","_et_gb_content_width":"","footnotes":""},"class_list":["post-1667","page","type-page","status-publish","hentry"],"yoast_head":"<!-- This site is optimized with the Yoast SEO plugin v27.0 - https:\/\/yoast.com\/product\/yoast-seo-wordpress\/ -->\n<title>R\u00e8glement int\u00e9rieur - Cars &#039;n Joy<\/title>\n<meta name=\"robots\" content=\"index, follow, max-snippet:-1, max-image-preview:large, max-video-preview:-1\" \/>\n<link rel=\"canonical\" href=\"https:\/\/www.carsnjoy.nl\/fr\/reglement-interieur\/\" \/>\n<meta property=\"og:locale\" content=\"fr_FR\" \/>\n<meta property=\"og:type\" content=\"article\" \/>\n<meta property=\"og:title\" content=\"R\u00e8glement int\u00e9rieur - Cars &#039;n Joy\" \/>\n<meta property=\"og:description\" content=\"R\u00c8GLEMENT INT\u00c9RIEUR &#8211; CARS \u2019N JOY FESTIVAL 2026 Ce r\u00e8glement int\u00e9rieur s&rsquo;applique \u00e0 tous les visiteurs de Cars \u2019n Joy. En acc\u00e9dant au site de l&rsquo;\u00e9v\u00e9nement, tu acceptes automatiquement les dispositions ci-dessous. G\u00e9n\u00e9ralit\u00e9s Cars \u2019n Joy se r\u00e9serve le droit de modifier la politique de l&rsquo;\u00e9v\u00e9nement et ce r\u00e8glement int\u00e9rieur \u00e0 tout moment. L&rsquo;organisation peut [&hellip;]\" \/>\n<meta property=\"og:url\" content=\"https:\/\/www.carsnjoy.nl\/fr\/reglement-interieur\/\" \/>\n<meta property=\"og:site_name\" content=\"Cars &#039;n Joy\" \/>\n<meta name=\"twitter:card\" content=\"summary_large_image\" \/>\n<meta name=\"twitter:label1\" content=\"Dur\u00e9e de lecture estim\u00e9e\" \/>\n\t<meta name=\"twitter:data1\" content=\"7 minutes\" \/>\n<script type=\"application\/ld+json\" class=\"yoast-schema-graph\">{\"@context\":\"https:\/\/schema.org\",\"@graph\":[{\"@type\":\"WebPage\",\"@id\":\"https:\/\/www.carsnjoy.nl\/fr\/reglement-interieur\/\",\"url\":\"https:\/\/www.carsnjoy.nl\/fr\/reglement-interieur\/\",\"name\":\"R\u00e8glement int\u00e9rieur - Cars &#039;n Joy\",\"isPartOf\":{\"@id\":\"https:\/\/www.carsnjoy.nl\/fr\/#website\"},\"datePublished\":\"2025-12-12T15:07:32+00:00\",\"breadcrumb\":{\"@id\":\"https:\/\/www.carsnjoy.nl\/fr\/reglement-interieur\/#breadcrumb\"},\"inLanguage\":\"fr-FR\",\"potentialAction\":[{\"@type\":\"ReadAction\",\"target\":[\"https:\/\/www.carsnjoy.nl\/fr\/reglement-interieur\/\"]}]},{\"@type\":\"BreadcrumbList\",\"@id\":\"https:\/\/www.carsnjoy.nl\/fr\/reglement-interieur\/#breadcrumb\",\"itemListElement\":[{\"@type\":\"ListItem\",\"position\":1,\"name\":\"Home\",\"item\":\"https:\/\/www.carsnjoy.nl\/fr\/accueil\/\"},{\"@type\":\"ListItem\",\"position\":2,\"name\":\"R\u00e8glement int\u00e9rieur\"}]},{\"@type\":\"WebSite\",\"@id\":\"https:\/\/www.carsnjoy.nl\/fr\/#website\",\"url\":\"https:\/\/www.carsnjoy.nl\/fr\/\",\"name\":\"Cars 'n Joy\",\"description\":\"The weekender 2026\",\"potentialAction\":[{\"@type\":\"SearchAction\",\"target\":{\"@type\":\"EntryPoint\",\"urlTemplate\":\"https:\/\/www.carsnjoy.nl\/fr\/?s={search_term_string}\"},\"query-input\":{\"@type\":\"PropertyValueSpecification\",\"valueRequired\":true,\"valueName\":\"search_term_string\"}}],\"inLanguage\":\"fr-FR\"}]}<\/script>\n<!-- \/ Yoast SEO plugin. -->","yoast_head_json":{"title":"R\u00e8glement int\u00e9rieur - Cars &#039;n Joy","robots":{"index":"index","follow":"follow","max-snippet":"max-snippet:-1","max-image-preview":"max-image-preview:large","max-video-preview":"max-video-preview:-1"},"canonical":"https:\/\/www.carsnjoy.nl\/fr\/reglement-interieur\/","og_locale":"fr_FR","og_type":"article","og_title":"R\u00e8glement int\u00e9rieur - Cars &#039;n Joy","og_description":"R\u00c8GLEMENT INT\u00c9RIEUR &#8211; CARS \u2019N JOY FESTIVAL 2026 Ce r\u00e8glement int\u00e9rieur s&rsquo;applique \u00e0 tous les visiteurs de Cars \u2019n Joy. En acc\u00e9dant au site de l&rsquo;\u00e9v\u00e9nement, tu acceptes automatiquement les dispositions ci-dessous. G\u00e9n\u00e9ralit\u00e9s Cars \u2019n Joy se r\u00e9serve le droit de modifier la politique de l&rsquo;\u00e9v\u00e9nement et ce r\u00e8glement int\u00e9rieur \u00e0 tout moment. L&rsquo;organisation peut [&hellip;]","og_url":"https:\/\/www.carsnjoy.nl\/fr\/reglement-interieur\/","og_site_name":"Cars &#039;n Joy","twitter_card":"summary_large_image","twitter_misc":{"Dur\u00e9e de lecture estim\u00e9e":"7 minutes"},"schema":{"@context":"https:\/\/schema.org","@graph":[{"@type":"WebPage","@id":"https:\/\/www.carsnjoy.nl\/fr\/reglement-interieur\/","url":"https:\/\/www.carsnjoy.nl\/fr\/reglement-interieur\/","name":"R\u00e8glement int\u00e9rieur - Cars &#039;n Joy","isPartOf":{"@id":"https:\/\/www.carsnjoy.nl\/fr\/#website"},"datePublished":"2025-12-12T15:07:32+00:00","breadcrumb":{"@id":"https:\/\/www.carsnjoy.nl\/fr\/reglement-interieur\/#breadcrumb"},"inLanguage":"fr-FR","potentialAction":[{"@type":"ReadAction","target":["https:\/\/www.carsnjoy.nl\/fr\/reglement-interieur\/"]}]},{"@type":"BreadcrumbList","@id":"https:\/\/www.carsnjoy.nl\/fr\/reglement-interieur\/#breadcrumb","itemListElement":[{"@type":"ListItem","position":1,"name":"Home","item":"https:\/\/www.carsnjoy.nl\/fr\/accueil\/"},{"@type":"ListItem","position":2,"name":"R\u00e8glement int\u00e9rieur"}]},{"@type":"WebSite","@id":"https:\/\/www.carsnjoy.nl\/fr\/#website","url":"https:\/\/www.carsnjoy.nl\/fr\/","name":"Cars 'n Joy","description":"The weekender 2026","potentialAction":[{"@type":"SearchAction","target":{"@type":"EntryPoint","urlTemplate":"https:\/\/www.carsnjoy.nl\/fr\/?s={search_term_string}"},"query-input":{"@type":"PropertyValueSpecification","valueRequired":true,"valueName":"search_term_string"}}],"inLanguage":"fr-FR"}]}},"_links":{"self":[{"href":"https:\/\/www.carsnjoy.nl\/fr\/wp-json\/wp\/v2\/pages\/1667","targetHints":{"allow":["GET"]}}],"collection":[{"href":"https:\/\/www.carsnjoy.nl\/fr\/wp-json\/wp\/v2\/pages"}],"about":[{"href":"https:\/\/www.carsnjoy.nl\/fr\/wp-json\/wp\/v2\/types\/page"}],"author":[{"embeddable":true,"href":"https:\/\/www.carsnjoy.nl\/fr\/wp-json\/wp\/v2\/users\/1"}],"replies":[{"embeddable":true,"href":"https:\/\/www.carsnjoy.nl\/fr\/wp-json\/wp\/v2\/comments?post=1667"}],"version-history":[{"count":0,"href":"https:\/\/www.carsnjoy.nl\/fr\/wp-json\/wp\/v2\/pages\/1667\/revisions"}],"wp:attachment":[{"href":"https:\/\/www.carsnjoy.nl\/fr\/wp-json\/wp\/v2\/media?parent=1667"}],"curies":[{"name":"wp","href":"https:\/\/api.w.org\/{rel}","templated":true}]}}