{"id":1672,"date":"2025-12-19T15:27:06","date_gmt":"2025-12-19T15:27:06","guid":{"rendered":"https:\/\/www.carsnjoy.nl\/participer-en-tant-quentreprise\/"},"modified":"2026-03-17T20:52:21","modified_gmt":"2026-03-17T20:52:21","slug":"participer-en-tant-quentreprise","status":"publish","type":"page","link":"https:\/\/www.carsnjoy.nl\/fr\/participer-en-tant-quentreprise\/","title":{"rendered":"Participer en tant qu\u2019entreprise"},"content":{"rendered":"<p>[et_pb_section fb_built=\u00a0\u00bb1&Prime; _builder_version=\u00a0\u00bb4.27.5&Prime; _module_preset=\u00a0\u00bbdefault\u00a0\u00bb global_colors_info=\u00a0\u00bb{}\u00a0\u00bb][et_pb_row _builder_version=\u00a0\u00bb4.27.5&Prime; _module_preset=\u00a0\u00bbdefault\u00a0\u00bb global_colors_info=\u00a0\u00bb{}\u00a0\u00bb][et_pb_column type=\u00a0\u00bb4_4&Prime; _builder_version=\u00a0\u00bb4.27.5&Prime; _module_preset=\u00a0\u00bbdefault\u00a0\u00bb global_colors_info=\u00a0\u00bb{}\u00a0\u00bb][et_pb_text _builder_version=\u00a0\u00bb4.27.5&Prime; _module_preset=\u00a0\u00bbdefault\u00a0\u00bb hover_enabled=\u00a0\u00bb0&Prime; global_colors_info=\u00a0\u00bb{}\u00a0\u00bb sticky_enabled=\u00a0\u00bb0&Prime;]<\/p>\n<h1>Participer en tant qu\u2019entreprise<\/h1>\n<p data-start=\"360\" data-end=\"475\">Le Cars \u2019n Joy Festival 2026 offre aux entreprises une sc\u00e8ne unique de deux jours s\u2019adressant \u00e0 deux publics totalement diff\u00e9rents. Rencontre plus de 10\u202f000 visiteurs lors du festival automobile, lifestyle et food par excellence des<br \/>Pays-Bas. <\/p>\n<ul>\n<li data-start=\"360\" data-end=\"475\"><strong><a href=\"https:\/\/www.carsnjoy.nl\/fr\/taste-n-joy\/\">Le samedi 29 ao\u00fbt, Taste \u2019n Joy<\/a><\/strong> est plac\u00e9 sous le signe du style de vie, de la musique, de la cuisine, de la famille et de l\u2019exp\u00e9rience.<\/li>\n<li data-start=\"555\" data-end=\"630\">\n<p data-start=\"557\" data-end=\"630\"><strong><a href=\"https:\/\/www.carsnjoy.nl\/fr\/drive-n-joy\/\">Le dimanche 30 ao\u00fbt, Drive \u2019n Joy<\/a><\/strong> est enti\u00e8rement d\u00e9di\u00e9 aux boutiques et stands automobiles, \u00e0 la performance et aux passionn\u00e9s de voitures.<\/p>\n<\/li>\n<\/ul>\n<p data-start=\"632\" data-end=\"757\">Que tu sois une entreprise automobile, une marque lifestyle, un food truck, une entreprise r\u00e9gionale ou un entrepreneur de festival : il y a toujours un jour (ou les deux) et une forme de participation qui correspondent \u00e0 ton entreprise et \u00e0 tes objectifs.<\/p>\n<p data-start=\"632\" data-end=\"757\">Curieux de conna\u00eetre les possibilit\u00e9s ? Contacte-nous sans engagement pour participer via le formulaire ci-dessous ou envoie un e-mail \u00e0 <strong>info@carsnjoy.nl.<\/strong> <\/p>\n<p>&nbsp;<\/p>\n<p>[\/et_pb_text][et_pb_contact_form email=\u00a0\u00bbinfo@carsnjoy.nl\u00a0\u00bb _builder_version=\u00a0\u00bb4.27.5&Prime; _module_preset=\u00a0\u00bbdefault\u00a0\u00bb _unique_id=\u00a0\u00bbfc595578-1cca-45d2-8a8f-aa6f0eb39b23&Prime; global_colors_info=\u00a0\u00bb{}\u00a0\u00bb][et_pb_contact_field field_id=\u00a0\u00bbField_6&Prime; field_title=\u00a0\u00bbSujet :\u00a0\u00bb field_type=\u00a0\u00bbcheckbox\u00a0\u00bb checkbox_options=\u00a0\u00bb%91{%22value%22:%22R\u00e9server un stand%22,%22checked%22:0,%22dragID%22:-1},{%22value%22:%22Demander un pack de banni\u00e8res%22,%22checked%22:0,%22dragID%22:0},{%22value%22:%22Devenir partenaire %92\/ sponsor%22,%22checked%22:0,%22dragID%22:1},{%22value%22:%22Demander la brochure pour les exposants%22,%22checked%22:0,%22dragID%22:2},{%22value%22:%22Autre chose, \u00e0 savoir&#8230;%22,%22checked%22:0,%22dragID%22:3}%93&Prime; fullwidth_field=\u00a0\u00bbon\u00a0\u00bb _builder_version=\u00a0\u00bb4.27.5&Prime; _module_preset=\u00a0\u00bbdefault\u00a0\u00bb global_colors_info=\u00a0\u00bb{}\u00a0\u00bb][\/et_pb_contact_field][et_pb_contact_field field_id=\u00a0\u00bbName\u00a0\u00bb field_title=\u00a0\u00bbNom\u00a0\u00bb _builder_version=\u00a0\u00bb4.16&Prime; global_colors_info=\u00a0\u00bb{}\u00a0\u00bb button_text_size__hover_enabled=\u00a0\u00bboff\u00a0\u00bb button_one_text_size__hover_enabled=\u00a0\u00bboff\u00a0\u00bb button_two_text_size__hover_enabled=\u00a0\u00bboff\u00a0\u00bb button_text_color__hover_enabled=\u00a0\u00bboff\u00a0\u00bb button_one_text_color__hover_enabled=\u00a0\u00bboff\u00a0\u00bb button_two_text_color__hover_enabled=\u00a0\u00bboff\u00a0\u00bb button_border_width__hover_enabled=\u00a0\u00bboff\u00a0\u00bb button_one_border_width__hover_enabled=\u00a0\u00bboff\u00a0\u00bb button_two_border_width__hover_enabled=\u00a0\u00bboff\u00a0\u00bb button_border_color__hover_enabled=\u00a0\u00bboff\u00a0\u00bb button_one_border_color__hover_enabled=\u00a0\u00bboff\u00a0\u00bb button_two_border_color__hover_enabled=\u00a0\u00bboff\u00a0\u00bb button_border_radius__hover_enabled=\u00a0\u00bboff\u00a0\u00bb button_one_border_radius__hover_enabled=\u00a0\u00bboff\u00a0\u00bb button_two_border_radius__hover_enabled=\u00a0\u00bboff\u00a0\u00bb button_letter_spacing__hover_enabled=\u00a0\u00bboff\u00a0\u00bb button_one_letter_spacing__hover_enabled=\u00a0\u00bboff\u00a0\u00bb button_two_letter_spacing__hover_enabled=\u00a0\u00bboff\u00a0\u00bb button_bg_color__hover_enabled=\u00a0\u00bboff\u00a0\u00bb button_one_bg_color__hover_enabled=\u00a0\u00bboff\u00a0\u00bb button_two_bg_color__hover_enabled=\u00a0\u00bboff\u00a0\u00bb][\/et_pb_contact_field][et_pb_contact_field field_id=\u00a0\u00bbEmail\u00a0\u00bb field_title=\u00a0\u00bbAdresse e-mail\u00a0\u00bb field_type=\u00a0\u00bbemail\u00a0\u00bb _builder_version=\u00a0\u00bb4.16&Prime; global_colors_info=\u00a0\u00bb{}\u00a0\u00bb button_text_size__hover_enabled=\u00a0\u00bboff\u00a0\u00bb button_one_text_size__hover_enabled=\u00a0\u00bboff\u00a0\u00bb button_two_text_size__hover_enabled=\u00a0\u00bboff\u00a0\u00bb button_text_color__hover_enabled=\u00a0\u00bboff\u00a0\u00bb button_one_text_color__hover_enabled=\u00a0\u00bboff\u00a0\u00bb button_two_text_color__hover_enabled=\u00a0\u00bboff\u00a0\u00bb button_border_width__hover_enabled=\u00a0\u00bboff\u00a0\u00bb button_one_border_width__hover_enabled=\u00a0\u00bboff\u00a0\u00bb button_two_border_width__hover_enabled=\u00a0\u00bboff\u00a0\u00bb button_border_color__hover_enabled=\u00a0\u00bboff\u00a0\u00bb button_one_border_color__hover_enabled=\u00a0\u00bboff\u00a0\u00bb button_two_border_color__hover_enabled=\u00a0\u00bboff\u00a0\u00bb button_border_radius__hover_enabled=\u00a0\u00bboff\u00a0\u00bb button_one_border_radius__hover_enabled=\u00a0\u00bboff\u00a0\u00bb button_two_border_radius__hover_enabled=\u00a0\u00bboff\u00a0\u00bb button_letter_spacing__hover_enabled=\u00a0\u00bboff\u00a0\u00bb button_one_letter_spacing__hover_enabled=\u00a0\u00bboff\u00a0\u00bb button_two_letter_spacing__hover_enabled=\u00a0\u00bboff\u00a0\u00bb button_bg_color__hover_enabled=\u00a0\u00bboff\u00a0\u00bb button_one_bg_color__hover_enabled=\u00a0\u00bboff\u00a0\u00bb button_two_bg_color__hover_enabled=\u00a0\u00bboff\u00a0\u00bb][\/et_pb_contact_field][et_pb_contact_field field_id=\u00a0\u00bbBedrijfsnaam\u00a0\u00bb field_title=\u00a0\u00bbNom de l\u2019entreprise ou site web\u00a0\u00bb _builder_version=\u00a0\u00bb4.27.5&Prime; global_colors_info=\u00a0\u00bb{}\u00a0\u00bb button_text_size__hover_enabled=\u00a0\u00bboff\u00a0\u00bb button_one_text_size__hover_enabled=\u00a0\u00bboff\u00a0\u00bb button_two_text_size__hover_enabled=\u00a0\u00bboff\u00a0\u00bb button_text_color__hover_enabled=\u00a0\u00bboff\u00a0\u00bb button_one_text_color__hover_enabled=\u00a0\u00bboff\u00a0\u00bb button_two_text_color__hover_enabled=\u00a0\u00bboff\u00a0\u00bb button_border_width__hover_enabled=\u00a0\u00bboff\u00a0\u00bb button_one_border_width__hover_enabled=\u00a0\u00bboff\u00a0\u00bb button_two_border_width__hover_enabled=\u00a0\u00bboff\u00a0\u00bb button_border_color__hover_enabled=\u00a0\u00bboff\u00a0\u00bb button_one_border_color__hover_enabled=\u00a0\u00bboff\u00a0\u00bb button_two_border_color__hover_enabled=\u00a0\u00bboff\u00a0\u00bb button_border_radius__hover_enabled=\u00a0\u00bboff\u00a0\u00bb button_one_border_radius__hover_enabled=\u00a0\u00bboff\u00a0\u00bb button_two_border_radius__hover_enabled=\u00a0\u00bboff\u00a0\u00bb button_letter_spacing__hover_enabled=\u00a0\u00bboff\u00a0\u00bb button_one_letter_spacing__hover_enabled=\u00a0\u00bboff\u00a0\u00bb button_two_letter_spacing__hover_enabled=\u00a0\u00bboff\u00a0\u00bb button_bg_color__hover_enabled=\u00a0\u00bboff\u00a0\u00bb button_one_bg_color__hover_enabled=\u00a0\u00bboff\u00a0\u00bb button_two_bg_color__hover_enabled=\u00a0\u00bboff\u00a0\u00bb][\/et_pb_contact_field][et_pb_contact_field field_id=\u00a0\u00bbTelefoonnummer\u00a0\u00bb field_title=\u00a0\u00bbNum\u00e9ro de t\u00e9l\u00e9phone\u00a0\u00bb _builder_version=\u00a0\u00bb4.27.5&Prime; global_colors_info=\u00a0\u00bb{}\u00a0\u00bb button_text_size__hover_enabled=\u00a0\u00bboff\u00a0\u00bb button_one_text_size__hover_enabled=\u00a0\u00bboff\u00a0\u00bb button_two_text_size__hover_enabled=\u00a0\u00bboff\u00a0\u00bb button_text_color__hover_enabled=\u00a0\u00bboff\u00a0\u00bb button_one_text_color__hover_enabled=\u00a0\u00bboff\u00a0\u00bb button_two_text_color__hover_enabled=\u00a0\u00bboff\u00a0\u00bb button_border_width__hover_enabled=\u00a0\u00bboff\u00a0\u00bb button_one_border_width__hover_enabled=\u00a0\u00bboff\u00a0\u00bb button_two_border_width__hover_enabled=\u00a0\u00bboff\u00a0\u00bb button_border_color__hover_enabled=\u00a0\u00bboff\u00a0\u00bb button_one_border_color__hover_enabled=\u00a0\u00bboff\u00a0\u00bb button_two_border_color__hover_enabled=\u00a0\u00bboff\u00a0\u00bb button_border_radius__hover_enabled=\u00a0\u00bboff\u00a0\u00bb button_one_border_radius__hover_enabled=\u00a0\u00bboff\u00a0\u00bb button_two_border_radius__hover_enabled=\u00a0\u00bboff\u00a0\u00bb button_letter_spacing__hover_enabled=\u00a0\u00bboff\u00a0\u00bb button_one_letter_spacing__hover_enabled=\u00a0\u00bboff\u00a0\u00bb button_two_letter_spacing__hover_enabled=\u00a0\u00bboff\u00a0\u00bb button_bg_color__hover_enabled=\u00a0\u00bboff\u00a0\u00bb button_one_bg_color__hover_enabled=\u00a0\u00bboff\u00a0\u00bb button_two_bg_color__hover_enabled=\u00a0\u00bboff\u00a0\u00bb][\/et_pb_contact_field][et_pb_contact_field field_id=\u00a0\u00bbMessage\u00a0\u00bb field_title=\u00a0\u00bbMessage\u00a0\u00bb field_type=\u00a0\u00bbtext\u00a0\u00bb fullwidth_field=\u00a0\u00bbon\u00a0\u00bb _builder_version=\u00a0\u00bb4.16&Prime; global_colors_info=\u00a0\u00bb{}\u00a0\u00bb button_text_size__hover_enabled=\u00a0\u00bboff\u00a0\u00bb button_one_text_size__hover_enabled=\u00a0\u00bboff\u00a0\u00bb button_two_text_size__hover_enabled=\u00a0\u00bboff\u00a0\u00bb button_text_color__hover_enabled=\u00a0\u00bboff\u00a0\u00bb button_one_text_color__hover_enabled=\u00a0\u00bboff\u00a0\u00bb button_two_text_color__hover_enabled=\u00a0\u00bboff\u00a0\u00bb button_border_width__hover_enabled=\u00a0\u00bboff\u00a0\u00bb button_one_border_width__hover_enabled=\u00a0\u00bboff\u00a0\u00bb button_two_border_width__hover_enabled=\u00a0\u00bboff\u00a0\u00bb button_border_color__hover_enabled=\u00a0\u00bboff\u00a0\u00bb button_one_border_color__hover_enabled=\u00a0\u00bboff\u00a0\u00bb button_two_border_color__hover_enabled=\u00a0\u00bboff\u00a0\u00bb button_border_radius__hover_enabled=\u00a0\u00bboff\u00a0\u00bb button_one_border_radius__hover_enabled=\u00a0\u00bboff\u00a0\u00bb button_two_border_radius__hover_enabled=\u00a0\u00bboff\u00a0\u00bb button_letter_spacing__hover_enabled=\u00a0\u00bboff\u00a0\u00bb button_one_letter_spacing__hover_enabled=\u00a0\u00bboff\u00a0\u00bb button_two_letter_spacing__hover_enabled=\u00a0\u00bboff\u00a0\u00bb button_bg_color__hover_enabled=\u00a0\u00bboff\u00a0\u00bb button_one_bg_color__hover_enabled=\u00a0\u00bboff\u00a0\u00bb button_two_bg_color__hover_enabled=\u00a0\u00bboff\u00a0\u00bb][\/et_pb_contact_field][\/et_pb_contact_form][\/et_pb_column][\/et_pb_row][\/et_pb_section]<\/p>\n","protected":false},"excerpt":{"rendered":"<p>Participer en tant qu\u2019entreprise Le Cars \u2019n Joy Festival 2026 offre aux entreprises une sc\u00e8ne unique de deux jours s\u2019adressant \u00e0 deux publics totalement diff\u00e9rents. Rencontre plus de 10\u202f000 visiteurs lors du festival automobile, lifestyle et food par excellence desPays-Bas. Le samedi 29 ao\u00fbt, Taste \u2019n Joy est plac\u00e9 sous le signe du style de [&hellip;]<\/p>\n","protected":false},"author":1,"featured_media":0,"parent":0,"menu_order":0,"comment_status":"closed","ping_status":"closed","template":"","meta":{"_et_pb_use_builder":"on","_et_pb_old_content":"","_et_gb_content_width":"","footnotes":""},"class_list":["post-1672","page","type-page","status-publish","hentry"],"yoast_head":"<!-- This site is optimized with the Yoast SEO plugin v27.0 - https:\/\/yoast.com\/product\/yoast-seo-wordpress\/ -->\n<title>Participer en tant qu\u2019entreprise - Cars &#039;n Joy<\/title>\n<meta name=\"robots\" content=\"index, follow, max-snippet:-1, max-image-preview:large, max-video-preview:-1\" \/>\n<link rel=\"canonical\" href=\"https:\/\/www.carsnjoy.nl\/fr\/participer-en-tant-quentreprise\/\" \/>\n<meta property=\"og:locale\" content=\"fr_FR\" \/>\n<meta property=\"og:type\" content=\"article\" \/>\n<meta property=\"og:title\" content=\"Participer en tant qu\u2019entreprise - Cars &#039;n Joy\" \/>\n<meta property=\"og:description\" content=\"Participer en tant qu\u2019entreprise Le Cars \u2019n Joy Festival 2026 offre aux entreprises une sc\u00e8ne unique de deux jours s\u2019adressant \u00e0 deux publics totalement diff\u00e9rents. Rencontre plus de 10\u202f000 visiteurs lors du festival automobile, lifestyle et food par excellence desPays-Bas. Le samedi 29 ao\u00fbt, Taste \u2019n Joy est plac\u00e9 sous le signe du style de [&hellip;]\" \/>\n<meta property=\"og:url\" content=\"https:\/\/www.carsnjoy.nl\/fr\/participer-en-tant-quentreprise\/\" \/>\n<meta property=\"og:site_name\" content=\"Cars &#039;n Joy\" \/>\n<meta property=\"article:modified_time\" content=\"2026-03-17T20:52:21+00:00\" \/>\n<meta name=\"twitter:card\" content=\"summary_large_image\" \/>\n<meta name=\"twitter:label1\" content=\"Dur\u00e9e de lecture estim\u00e9e\" \/>\n\t<meta name=\"twitter:data1\" content=\"6 minutes\" \/>\n<script type=\"application\/ld+json\" class=\"yoast-schema-graph\">{\"@context\":\"https:\/\/schema.org\",\"@graph\":[{\"@type\":\"WebPage\",\"@id\":\"https:\/\/www.carsnjoy.nl\/fr\/participer-en-tant-quentreprise\/\",\"url\":\"https:\/\/www.carsnjoy.nl\/fr\/participer-en-tant-quentreprise\/\",\"name\":\"Participer en tant qu\u2019entreprise - Cars &#039;n Joy\",\"isPartOf\":{\"@id\":\"https:\/\/www.carsnjoy.nl\/fr\/#website\"},\"datePublished\":\"2025-12-19T15:27:06+00:00\",\"dateModified\":\"2026-03-17T20:52:21+00:00\",\"breadcrumb\":{\"@id\":\"https:\/\/www.carsnjoy.nl\/fr\/participer-en-tant-quentreprise\/#breadcrumb\"},\"inLanguage\":\"fr-FR\",\"potentialAction\":[{\"@type\":\"ReadAction\",\"target\":[\"https:\/\/www.carsnjoy.nl\/fr\/participer-en-tant-quentreprise\/\"]}]},{\"@type\":\"BreadcrumbList\",\"@id\":\"https:\/\/www.carsnjoy.nl\/fr\/participer-en-tant-quentreprise\/#breadcrumb\",\"itemListElement\":[{\"@type\":\"ListItem\",\"position\":1,\"name\":\"Home\",\"item\":\"https:\/\/www.carsnjoy.nl\/fr\/accueil\/\"},{\"@type\":\"ListItem\",\"position\":2,\"name\":\"Participer en tant qu\u2019entreprise\"}]},{\"@type\":\"WebSite\",\"@id\":\"https:\/\/www.carsnjoy.nl\/fr\/#website\",\"url\":\"https:\/\/www.carsnjoy.nl\/fr\/\",\"name\":\"Cars 'n Joy\",\"description\":\"The weekender 2026\",\"potentialAction\":[{\"@type\":\"SearchAction\",\"target\":{\"@type\":\"EntryPoint\",\"urlTemplate\":\"https:\/\/www.carsnjoy.nl\/fr\/?s={search_term_string}\"},\"query-input\":{\"@type\":\"PropertyValueSpecification\",\"valueRequired\":true,\"valueName\":\"search_term_string\"}}],\"inLanguage\":\"fr-FR\"}]}<\/script>\n<!-- \/ Yoast SEO plugin. -->","yoast_head_json":{"title":"Participer en tant qu\u2019entreprise - Cars &#039;n Joy","robots":{"index":"index","follow":"follow","max-snippet":"max-snippet:-1","max-image-preview":"max-image-preview:large","max-video-preview":"max-video-preview:-1"},"canonical":"https:\/\/www.carsnjoy.nl\/fr\/participer-en-tant-quentreprise\/","og_locale":"fr_FR","og_type":"article","og_title":"Participer en tant qu\u2019entreprise - Cars &#039;n Joy","og_description":"Participer en tant qu\u2019entreprise Le Cars \u2019n Joy Festival 2026 offre aux entreprises une sc\u00e8ne unique de deux jours s\u2019adressant \u00e0 deux publics totalement diff\u00e9rents. Rencontre plus de 10\u202f000 visiteurs lors du festival automobile, lifestyle et food par excellence desPays-Bas. Le samedi 29 ao\u00fbt, Taste \u2019n Joy est plac\u00e9 sous le signe du style de [&hellip;]","og_url":"https:\/\/www.carsnjoy.nl\/fr\/participer-en-tant-quentreprise\/","og_site_name":"Cars &#039;n Joy","article_modified_time":"2026-03-17T20:52:21+00:00","twitter_card":"summary_large_image","twitter_misc":{"Dur\u00e9e de lecture estim\u00e9e":"6 minutes"},"schema":{"@context":"https:\/\/schema.org","@graph":[{"@type":"WebPage","@id":"https:\/\/www.carsnjoy.nl\/fr\/participer-en-tant-quentreprise\/","url":"https:\/\/www.carsnjoy.nl\/fr\/participer-en-tant-quentreprise\/","name":"Participer en tant qu\u2019entreprise - Cars &#039;n Joy","isPartOf":{"@id":"https:\/\/www.carsnjoy.nl\/fr\/#website"},"datePublished":"2025-12-19T15:27:06+00:00","dateModified":"2026-03-17T20:52:21+00:00","breadcrumb":{"@id":"https:\/\/www.carsnjoy.nl\/fr\/participer-en-tant-quentreprise\/#breadcrumb"},"inLanguage":"fr-FR","potentialAction":[{"@type":"ReadAction","target":["https:\/\/www.carsnjoy.nl\/fr\/participer-en-tant-quentreprise\/"]}]},{"@type":"BreadcrumbList","@id":"https:\/\/www.carsnjoy.nl\/fr\/participer-en-tant-quentreprise\/#breadcrumb","itemListElement":[{"@type":"ListItem","position":1,"name":"Home","item":"https:\/\/www.carsnjoy.nl\/fr\/accueil\/"},{"@type":"ListItem","position":2,"name":"Participer en tant qu\u2019entreprise"}]},{"@type":"WebSite","@id":"https:\/\/www.carsnjoy.nl\/fr\/#website","url":"https:\/\/www.carsnjoy.nl\/fr\/","name":"Cars 'n Joy","description":"The weekender 2026","potentialAction":[{"@type":"SearchAction","target":{"@type":"EntryPoint","urlTemplate":"https:\/\/www.carsnjoy.nl\/fr\/?s={search_term_string}"},"query-input":{"@type":"PropertyValueSpecification","valueRequired":true,"valueName":"search_term_string"}}],"inLanguage":"fr-FR"}]}},"_links":{"self":[{"href":"https:\/\/www.carsnjoy.nl\/fr\/wp-json\/wp\/v2\/pages\/1672","targetHints":{"allow":["GET"]}}],"collection":[{"href":"https:\/\/www.carsnjoy.nl\/fr\/wp-json\/wp\/v2\/pages"}],"about":[{"href":"https:\/\/www.carsnjoy.nl\/fr\/wp-json\/wp\/v2\/types\/page"}],"author":[{"embeddable":true,"href":"https:\/\/www.carsnjoy.nl\/fr\/wp-json\/wp\/v2\/users\/1"}],"replies":[{"embeddable":true,"href":"https:\/\/www.carsnjoy.nl\/fr\/wp-json\/wp\/v2\/comments?post=1672"}],"version-history":[{"count":6,"href":"https:\/\/www.carsnjoy.nl\/fr\/wp-json\/wp\/v2\/pages\/1672\/revisions"}],"predecessor-version":[{"id":2215,"href":"https:\/\/www.carsnjoy.nl\/fr\/wp-json\/wp\/v2\/pages\/1672\/revisions\/2215"}],"wp:attachment":[{"href":"https:\/\/www.carsnjoy.nl\/fr\/wp-json\/wp\/v2\/media?parent=1672"}],"curies":[{"name":"wp","href":"https:\/\/api.w.org\/{rel}","templated":true}]}}