{"id":1683,"date":"2025-12-19T15:25:22","date_gmt":"2025-12-19T15:25:22","guid":{"rendered":"https:\/\/www.carsnjoy.nl\/participation\/"},"modified":"2026-02-23T14:27:26","modified_gmt":"2026-02-23T14:27:26","slug":"participation","status":"publish","type":"page","link":"https:\/\/www.carsnjoy.nl\/fr\/participation\/","title":{"rendered":"Participation"},"content":{"rendered":"<p>[et_pb_section fb_built=\u00a0\u00bb1&Prime; module_class=\u00a0\u00bbnormal_page header-section arrow_down\u00a0\u00bb _builder_version=\u00a0\u00bb4.27.5&Prime; _module_preset=\u00a0\u00bbdefault\u00a0\u00bb background_enable_image=\u00a0\u00bboff\u00a0\u00bb global_colors_info=\u00a0\u00bb{}\u00a0\u00bb][et_pb_row column_structure=\u00a0\u00bb1_2,1_2&Prime; _builder_version=\u00a0\u00bb4.27.4&Prime; _module_preset=\u00a0\u00bbdefault\u00a0\u00bb global_colors_info=\u00a0\u00bb{}\u00a0\u00bb][et_pb_column type=\u00a0\u00bb1_2&Prime; _builder_version=\u00a0\u00bb4.27.4&Prime; _module_preset=\u00a0\u00bbdefault\u00a0\u00bb global_colors_info=\u00a0\u00bb{}\u00a0\u00bb][et_pb_text admin_label=\u00a0\u00bbIntro\u00a0\u00bb module_class=\u00a0\u00bbintro\u00a0\u00bb _builder_version=\u00a0\u00bb4.27.5&Prime; _module_preset=\u00a0\u00bbdefault\u00a0\u00bb global_colors_info=\u00a0\u00bb{}\u00a0\u00bb]<\/p>\n<h1><strong>Participation<\/strong><\/h1>\n<h2>Cars &lsquo;n Joy Festival<\/h2>\n<p>Cars \u2019n Joy est bien plus qu\u2019un simple salon de l\u2019auto. Deux jours. Une exp\u00e9rience. Du pur plaisir ! Participe \u00e0 un week-end plein de saveurs, de musique, d\u2019action, de design, de lifestyle, de famille, d\u2019amis et, bien s\u00fbr, d\u2019un m\u00e9lange des voitures les plus exceptionnelles que tu aies jamais vues r\u00e9unies.    <\/p>\n<p>[\/et_pb_text][et_pb_code _builder_version=\u00a0\u00bb4.27.5&Prime; _module_preset=\u00a0\u00bbdefault\u00a0\u00bb global_colors_info=\u00a0\u00bb{}\u00a0\u00bb]<span class=\"pulse\"><\/span><span>Inscris-toi d\u00e8s maintenant pour participer \u00e0 Cars &lsquo;n Joy.<\/span>[\/et_pb_code][\/et_pb_column][et_pb_column type=\u00a0\u00bb1_2&Prime; _builder_version=\u00a0\u00bb4.27.4&Prime; _module_preset=\u00a0\u00bbdefault\u00a0\u00bb global_colors_info=\u00a0\u00bb{}\u00a0\u00bb][et_pb_image src=\u00a0\u00bbhttps:\/\/www.carsnjoy.nl\/wp-content\/uploads\/2025\/12\/header-afbeelding-cars-n-joy-deelname.png\u00a0\u00bb alt=\u00a0\u00bbInscris ta voiture au festival auto Cars &#039;n Joy\u00a0\u00bb title_text=\u00a0\u00bbimage d\u2019en-t\u00eate participation cars n joy\u00a0\u00bb _builder_version=\u00a0\u00bb4.27.5&Prime; _module_preset=\u00a0\u00bbdefault\u00a0\u00bb global_colors_info=\u00a0\u00bb{}\u00a0\u00bb][\/et_pb_image][\/et_pb_column][\/et_pb_row][\/et_pb_section][et_pb_section fb_built=\u00a0\u00bb1&Prime; _builder_version=\u00a0\u00bb4.27.5&Prime; _module_preset=\u00a0\u00bbdefault\u00a0\u00bb global_colors_info=\u00a0\u00bb{}\u00a0\u00bb][et_pb_row _builder_version=\u00a0\u00bb4.27.5&Prime; _module_preset=\u00a0\u00bbdefault\u00a0\u00bb global_colors_info=\u00a0\u00bb{}\u00a0\u00bb][et_pb_column type=\u00a0\u00bb4_4&Prime; _builder_version=\u00a0\u00bb4.27.5&Prime; _module_preset=\u00a0\u00bbdefault\u00a0\u00bb global_colors_info=\u00a0\u00bb{}\u00a0\u00bb][et_pb_text _builder_version=\u00a0\u00bb4.27.5&Prime; _module_preset=\u00a0\u00bbdefault\u00a0\u00bb global_colors_info=\u00a0\u00bb{}\u00a0\u00bb]<\/p>\n<h1>Participation<\/h1>\n<p>&nbsp;<\/p>\n<p>[\/et_pb_text][\/et_pb_column][\/et_pb_row][et_pb_row column_structure=\u00a0\u00bb1_3,1_3,1_3&Prime; _builder_version=\u00a0\u00bb4.27.5&Prime; _module_preset=\u00a0\u00bbdefault\u00a0\u00bb global_colors_info=\u00a0\u00bb{}\u00a0\u00bb][et_pb_column type=\u00a0\u00bb1_3&Prime; _builder_version=\u00a0\u00bb4.27.5&Prime; _module_preset=\u00a0\u00bbdefault\u00a0\u00bb global_colors_info=\u00a0\u00bb{}\u00a0\u00bb][et_pb_text admin_label=\u00a0\u00bbVoor bedrijven\u00a0\u00bb _builder_version=\u00a0\u00bb4.27.5&Prime; _module_preset=\u00a0\u00bbdefault\u00a0\u00bb global_colors_info=\u00a0\u00bb{}\u00a0\u00bb]<\/p>\n<h2>Pour les entreprises<\/h2>\n<p>Deviens exposant ou partenaire au Cars \u2019n Joy Festival 2026. Rencontre plus de 10 000 visiteurs lors du festival automobile, lifestyle et food par excellence des Pays-Bas. <\/p>\n<p>&nbsp;<\/p>\n<a href='\/deelnemen-als-bedrijf' class='small-button smallblue'>Participer en tant qu\u2019entreprise<\/a>\n<p>[\/et_pb_text][et_pb_image src=\u00a0\u00bbhttps:\/\/www.carsnjoy.nl\/wp-content\/uploads\/2025\/11\/pexels-lynxexotics-8664308.jpg\u00a0\u00bb alt=\u00a0\u00bb\u00e9v\u00e9nement supercar\u00a0\u00bb title_text=\u00a0\u00bb\u00e9v\u00e9nement supercar\u00a0\u00bb _builder_version=\u00a0\u00bb4.27.5&Prime; _module_preset=\u00a0\u00bbdefault\u00a0\u00bb global_colors_info=\u00a0\u00bb{}\u00a0\u00bb][\/et_pb_image][\/et_pb_column][et_pb_column type=\u00a0\u00bb1_3&Prime; _builder_version=\u00a0\u00bb4.27.5&Prime; _module_preset=\u00a0\u00bbdefault\u00a0\u00bb global_colors_info=\u00a0\u00bb{}\u00a0\u00bb][et_pb_text admin_label=\u00a0\u00bbAuto aanmelden\u00a0\u00bb _builder_version=\u00a0\u00bb4.27.5&Prime; _module_preset=\u00a0\u00bbdefault\u00a0\u00bb link_option_url_new_window=\u00a0\u00bbon\u00a0\u00bb global_colors_info=\u00a0\u00bb{}\u00a0\u00bb]<\/p>\n<h2>Inscrire une voiture<\/h2>\n<p>Tu poss\u00e8des une voiture d\u2019exception ? Tu veux exposer ta voiture sur l\u2019une des places th\u00e9matiques ou dans le paddock d\u2019exposition ? Tous les types de voitures sont les bienvenus. Inscris ta voiture d\u00e8s maintenant.   <\/p>\n<p>&nbsp;<\/p>\n<a href='https:\/\/living.organized.events\/external\/form\/166\/aanmeldformulier-cars-n-joy-2026' class='small-button smallblue'>Inscris ta voiture<\/a>\n<p>[\/et_pb_text][et_pb_image src=\u00a0\u00bbhttps:\/\/www.carsnjoy.nl\/wp-content\/uploads\/2025\/12\/header-afbeelding-cars-n-joy-deelname.png\u00a0\u00bb title_text=\u00a0\u00bbimage d\u2019en-t\u00eate participation cars n joy\u00a0\u00bb _builder_version=\u00a0\u00bb4.27.5&Prime; _module_preset=\u00a0\u00bbdefault\u00a0\u00bb global_colors_info=\u00a0\u00bb{}\u00a0\u00bb][\/et_pb_image][\/et_pb_column][et_pb_column type=\u00a0\u00bb1_3&Prime; _builder_version=\u00a0\u00bb4.27.5&Prime; _module_preset=\u00a0\u00bbdefault\u00a0\u00bb global_colors_info=\u00a0\u00bb{}\u00a0\u00bb][et_pb_text admin_label=\u00a0\u00bbClub aanmelden\u00a0\u00bb _builder_version=\u00a0\u00bb4.27.5&Prime; _module_preset=\u00a0\u00bbdefault\u00a0\u00bb hover_enabled=\u00a0\u00bb0&Prime; global_colors_info=\u00a0\u00bb{}\u00a0\u00bb sticky_enabled=\u00a0\u00bb0&Prime;]<\/p>\n<h2>Inscrire un club<\/h2>\n<p>La Club Area rassemble les plus beaux clubs auto avec une offre large et vari\u00e9e de v\u00e9hicules. Inscrivez votre club d\u00e8s maintenant pour obtenir une place dans la Club Area. <\/p>\n<p>&nbsp;<\/p>\n<a href='https:\/\/living.organized.events\/external\/form\/198\/club-aanmeldformulier-cars-n-joy-2026' class='small-button smallblue'>Inscris ton club<\/a>\n<p>[\/et_pb_text][et_pb_image src=\u00a0\u00bbhttps:\/\/www.carsnjoy.nl\/wp-content\/uploads\/2025\/12\/pexels-sebastiaan9977-17454904.jpg\u00a0\u00bb alt=\u00a0\u00bbsupra\u00a0\u00bb title_text=\u00a0\u00bbsupra\u00a0\u00bb _builder_version=\u00a0\u00bb4.27.5&Prime; _module_preset=\u00a0\u00bbdefault\u00a0\u00bb global_colors_info=\u00a0\u00bb{}\u00a0\u00bb][\/et_pb_image][\/et_pb_column][\/et_pb_row][et_pb_row _builder_version=\u00a0\u00bb4.27.5&Prime; _module_preset=\u00a0\u00bbdefault\u00a0\u00bb global_colors_info=\u00a0\u00bb{}\u00a0\u00bb][et_pb_column type=\u00a0\u00bb4_4&Prime; _builder_version=\u00a0\u00bb4.27.5&Prime; _module_preset=\u00a0\u00bbdefault\u00a0\u00bb global_colors_info=\u00a0\u00bb{}\u00a0\u00bb][et_pb_text _builder_version=\u00a0\u00bb4.27.5&Prime; _module_preset=\u00a0\u00bbdefault\u00a0\u00bb global_colors_info=\u00a0\u00bb{}\u00a0\u00bb]<\/p>\n<h3>Aide en tant que b\u00e9n\u00e9vole.<\/h3>\n<p>\u00c7a te dirait de donner un coup de main pendant Cars &lsquo;n Joy ? Inscris-toi <strong><a href=\"https:\/\/living.organized.events\/external\/form\/179\/inschrijven-als-vrijwilliger\" target=\"_blank\" rel=\"noopener\">ICI<\/a><\/strong> en tant que b\u00e9n\u00e9vole. <\/p>\n<p>[\/et_pb_text][\/et_pb_column][\/et_pb_row][\/et_pb_section][et_pb_section fb_built=\u00a0\u00bb1&Prime; module_id=\u00a0\u00bbpartenaires\u00a0\u00bb module_class=\u00a0\u00bbpartners arrow_down\u00a0\u00bb _builder_version=\u00a0\u00bb4.27.5&Prime; _module_preset=\u00a0\u00bbdefault\u00a0\u00bb global_module=\u00a0\u00bb662&Prime; saved_tabs=\u00a0\u00bball\u00a0\u00bb global_colors_info=\u00a0\u00bb{}\u00a0\u00bb][et_pb_row _builder_version=\u00a0\u00bb4.27.5&Prime; _module_preset=\u00a0\u00bbdefault\u00a0\u00bb global_colors_info=\u00a0\u00bb{}\u00a0\u00bb][et_pb_column type=\u00a0\u00bb4_4&Prime; _builder_version=\u00a0\u00bb4.27.4&Prime; _module_preset=\u00a0\u00bbdefault\u00a0\u00bb global_colors_info=\u00a0\u00bb{}\u00a0\u00bb][et_pb_text admin_label=\u00a0\u00bbPartners\u00a0\u00bb _builder_version=\u00a0\u00bb4.27.4&Prime; _module_preset=\u00a0\u00bbdefault\u00a0\u00bb global_colors_info=\u00a0\u00bb{}\u00a0\u00bb]<\/p>\n<p><em>Partenaires<\/em><\/p>\n<h2>Construire ensemble une nouvelle marque de r\u00e9f\u00e9rence dans l\u2019exp\u00e9rience automobile<\/h2>\n<p>Chez Cars \u2019n Joy, tout tourne autour de la qualit\u00e9, de l\u2019ambiance et de l\u2019exp\u00e9rience, et nous ne pouvons y parvenir qu\u2019avec des partenaires qui partagent la m\u00eame passion. Nous collaborons avec des marques, des organisations et des entrepreneurs qui souhaitent contribuer \u00e0 un week-end dont les visiteurs parleront encore longtemps. <\/p>\n<p>[\/et_pb_text][\/et_pb_column][\/et_pb_row][et_pb_row column_structure=\u00a0\u00bb1_5,1_5,1_5,1_5,1_5&Prime; module_class=\u00a0\u00bbpartners_row\u00a0\u00bb _builder_version=\u00a0\u00bb4.27.5&Prime; _module_preset=\u00a0\u00bbdefault\u00a0\u00bb global_colors_info=\u00a0\u00bb{}\u00a0\u00bb][et_pb_column type=\u00a0\u00bb1_5&Prime; _builder_version=\u00a0\u00bb4.27.4&Prime; _module_preset=\u00a0\u00bbdefault\u00a0\u00bb global_colors_info=\u00a0\u00bb{}\u00a0\u00bb][et_pb_text admin_label=\u00a0\u00bbAutoblog\u00a0\u00bb module_class=\u00a0\u00bbpartner\u00a0\u00bb _builder_version=\u00a0\u00bb4.27.5&Prime; _module_preset=\u00a0\u00bbdefault\u00a0\u00bb global_colors_info=\u00a0\u00bb{}\u00a0\u00bb]<\/p>\n<p><img loading=\"lazy\" decoding=\"async\" class=\"wp-image-160 alignnone size-medium\" src=\"https:\/\/www.carsnjoy.nl\/wp-content\/uploads\/2025\/11\/Autoblog-logo-website-300x164.png\" alt=\"Logo Autoblog\" width=\"300\" height=\"164\"><\/p>\n<p>[\/et_pb_text][et_pb_text admin_label=\u00a0\u00bbAutosportveghel\u00a0\u00bb module_class=\u00a0\u00bbpartner\u00a0\u00bb _builder_version=\u00a0\u00bb4.27.5&Prime; _module_preset=\u00a0\u00bbdefault\u00a0\u00bb global_colors_info=\u00a0\u00bb{}\u00a0\u00bb]<\/p>\n<p><img loading=\"lazy\" decoding=\"async\" class=\"wp-image-791 alignnone size-full\" src=\"https:\/\/www.carsnjoy.nl\/wp-content\/uploads\/2025\/12\/autosportveghel.png\" alt=\"Logo Auto Sport Veghel partenaire Cars n Joy\" width=\"300\" height=\"110\"><\/p>\n<p>[\/et_pb_text][et_pb_text admin_label=\u00a0\u00bbDrive Tactics\u00a0\u00bb module_class=\u00a0\u00bbpartner\u00a0\u00bb _builder_version=\u00a0\u00bb4.27.5&Prime; _module_preset=\u00a0\u00bbdefault\u00a0\u00bb global_colors_info=\u00a0\u00bb{}\u00a0\u00bb]<\/p>\n<p><img loading=\"lazy\" decoding=\"async\" class=\"wp-image-1385 alignnone size-full\" src=\"https:\/\/www.carsnjoy.nl\/wp-content\/uploads\/2026\/02\/Drive-Tactics-Parner-Cars-n-Joy-Festival-2026.png\" alt=\"Drive Tactics partenaire Cars n Joy Festival 2026\" width=\"300\" height=\"110\"><\/p>\n<p>[\/et_pb_text][\/et_pb_column][et_pb_column type=\u00a0\u00bb1_5&Prime; _builder_version=\u00a0\u00bb4.27.4&Prime; _module_preset=\u00a0\u00bbdefault\u00a0\u00bb global_colors_info=\u00a0\u00bb{}\u00a0\u00bb][et_pb_text admin_label=\u00a0\u00bbHouse of Cars\u00a0\u00bb module_class=\u00a0\u00bbpartner\u00a0\u00bb _builder_version=\u00a0\u00bb4.27.5&Prime; _module_preset=\u00a0\u00bbdefault\u00a0\u00bb global_colors_info=\u00a0\u00bb{}\u00a0\u00bb]<\/p>\n<p><img loading=\"lazy\" decoding=\"async\" class=\"wp-image-152 alignnone size-full\" src=\"https:\/\/www.carsnjoy.nl\/wp-content\/uploads\/2025\/11\/houseofcars.png\" alt=\"house of cars\" width=\"300\" height=\"110\"><\/p>\n<p>[\/et_pb_text][et_pb_text admin_label=\u00a0\u00bbRevWorks\u00a0\u00bb module_class=\u00a0\u00bbpartner\u00a0\u00bb _builder_version=\u00a0\u00bb4.27.5&Prime; _module_preset=\u00a0\u00bbdefault\u00a0\u00bb global_colors_info=\u00a0\u00bb{}\u00a0\u00bb]<\/p>\n<p><img loading=\"lazy\" decoding=\"async\" class=\"wp-image-925 alignnone size-full\" src=\"https:\/\/www.carsnjoy.nl\/wp-content\/uploads\/2025\/12\/logos-RevWorks-partners.png\" alt=\"logos RevWorks partenaire Cars 'n Joy\" width=\"300\" height=\"110\"><\/p>\n<p>[\/et_pb_text][et_pb_text admin_label=\u00a0\u00bbReubseat\u00a0\u00bb module_class=\u00a0\u00bbpartner\u00a0\u00bb _builder_version=\u00a0\u00bb4.27.5&Prime; _module_preset=\u00a0\u00bbdefault\u00a0\u00bb global_colors_info=\u00a0\u00bb{}\u00a0\u00bb]<\/p>\n<p><img loading=\"lazy\" decoding=\"async\" class=\"wp-image-1381 alignnone size-full\" src=\"https:\/\/www.carsnjoy.nl\/wp-content\/uploads\/2026\/02\/Autobedrijf-Reubseat-partner-Cars-n-Joy-Festival-2026.png\" alt=\"Autobedrijf Reubseat partenaire Cars n Joy Festival 2026\" width=\"300\" height=\"110\"><\/p>\n<p>[\/et_pb_text][\/et_pb_column][et_pb_column type=\u00a0\u00bb1_5&Prime; _builder_version=\u00a0\u00bb4.27.4&Prime; _module_preset=\u00a0\u00bbdefault\u00a0\u00bb global_colors_info=\u00a0\u00bb{}\u00a0\u00bb][et_pb_text admin_label=\u00a0\u00bbEcoCarcleaners\u00a0\u00bb module_class=\u00a0\u00bbpartner\u00a0\u00bb _builder_version=\u00a0\u00bb4.27.5&Prime; _module_preset=\u00a0\u00bbdefault\u00a0\u00bb global_colors_info=\u00a0\u00bb{}\u00a0\u00bb]<\/p>\n<p><img loading=\"lazy\" decoding=\"async\" class=\"wp-image-889 alignnone size-full\" src=\"https:\/\/www.carsnjoy.nl\/wp-content\/uploads\/2025\/12\/eco-carcleaners.png\" alt=\"eco-carcleaners\" width=\"300\" height=\"110\"><\/p>\n<p>[\/et_pb_text][et_pb_text admin_label=\u00a0\u00bbDetailrs\u00a0\u00bb module_class=\u00a0\u00bbpartner\u00a0\u00bb _builder_version=\u00a0\u00bb4.27.5&Prime; _module_preset=\u00a0\u00bbdefault\u00a0\u00bb global_colors_info=\u00a0\u00bb{}\u00a0\u00bb]<\/p>\n<p><img loading=\"lazy\" decoding=\"async\" class=\"wp-image-793 alignnone size-full\" src=\"https:\/\/www.carsnjoy.nl\/wp-content\/uploads\/2025\/12\/detailrs.png\" alt=\"logo detailrs partenaire festival auto cars n joy\" width=\"300\" height=\"110\"><\/p>\n<p>[\/et_pb_text][et_pb_text admin_label=\u00a0\u00bbTime Out Experience\u00a0\u00bb module_class=\u00a0\u00bbpartner\u00a0\u00bb _builder_version=\u00a0\u00bb4.27.5&Prime; _module_preset=\u00a0\u00bbdefault\u00a0\u00bb global_colors_info=\u00a0\u00bb{}\u00a0\u00bb]<\/p>\n<p><img loading=\"lazy\" decoding=\"async\" class=\"wp-image-1399 alignnone size-full\" src=\"https:\/\/www.carsnjoy.nl\/wp-content\/uploads\/2026\/02\/Time-Out-Experience-Partner-Cars-n-Joy.png\" alt=\"Time Out Experience partenaire Cars 'n Joy\" width=\"300\" height=\"110\"><\/p>\n<p>[\/et_pb_text][\/et_pb_column][et_pb_column type=\u00a0\u00bb1_5&Prime; _builder_version=\u00a0\u00bb4.27.4&Prime; _module_preset=\u00a0\u00bbdefault\u00a0\u00bb global_colors_info=\u00a0\u00bb{}\u00a0\u00bb][et_pb_text admin_label=\u00a0\u00bbLouwman\u00a0\u00bb module_class=\u00a0\u00bbpartner\u00a0\u00bb _builder_version=\u00a0\u00bb4.27.5&Prime; _module_preset=\u00a0\u00bbdefault\u00a0\u00bb global_colors_info=\u00a0\u00bb{}\u00a0\u00bb]<\/p>\n<p><img loading=\"lazy\" decoding=\"async\" class=\"wp-image-1043 alignnone size-full\" src=\"https:\/\/www.carsnjoy.nl\/wp-content\/uploads\/2025\/12\/logo-Louwman-Exclusive-partner-Cars-n-Joy.png\" alt=\"logo Louwman Exclusive partenaire Cars n Joy\" width=\"300\" height=\"110\"><\/p>\n<p>[\/et_pb_text][et_pb_text admin_label=\u00a0\u00bbRallysportevents\u00a0\u00bb module_class=\u00a0\u00bbpartner\u00a0\u00bb _builder_version=\u00a0\u00bb4.27.5&Prime; _module_preset=\u00a0\u00bbdefault\u00a0\u00bb global_colors_info=\u00a0\u00bb{}\u00a0\u00bb]<\/p>\n<p><img loading=\"lazy\" decoding=\"async\" class=\"wp-image-964 alignnone size-full\" src=\"https:\/\/www.carsnjoy.nl\/wp-content\/uploads\/2025\/12\/logo-RallySportEvents-partners-cars-n-joy-festival.png\" alt=\"logo RallySportEvents partenaires festival cars n joy\" width=\"300\" height=\"110\"><\/p>\n<p>[\/et_pb_text][\/et_pb_column][et_pb_column type=\u00a0\u00bb1_5&Prime; _builder_version=\u00a0\u00bb4.27.4&Prime; _module_preset=\u00a0\u00bbdefault\u00a0\u00bb global_colors_info=\u00a0\u00bb{}\u00a0\u00bb][et_pb_text admin_label=\u00a0\u00bbraceplannet\u00a0\u00bb module_class=\u00a0\u00bbpartner\u00a0\u00bb _builder_version=\u00a0\u00bb4.27.5&Prime; _module_preset=\u00a0\u00bbdefault\u00a0\u00bb global_colors_info=\u00a0\u00bb{}\u00a0\u00bb]<\/p>\n<p><img loading=\"lazy\" decoding=\"async\" class=\"wp-image-866 alignnone size-full\" src=\"https:\/\/www.carsnjoy.nl\/wp-content\/uploads\/2025\/12\/raceplannet.png\" alt=\"raceplannet\" width=\"127\" height=\"110\"><\/p>\n<p>[\/et_pb_text][et_pb_text admin_label=\u00a0\u00bbCarway\u00a0\u00bb module_class=\u00a0\u00bbpartner\u00a0\u00bb _builder_version=\u00a0\u00bb4.27.5&Prime; _module_preset=\u00a0\u00bbdefault\u00a0\u00bb global_colors_info=\u00a0\u00bb{}\u00a0\u00bb]<\/p>\n<p><img loading=\"lazy\" decoding=\"async\" class=\"wp-image-938 alignnone size-full\" src=\"https:\/\/www.carsnjoy.nl\/wp-content\/uploads\/2025\/12\/logo-Carway-partner-Cars-n-Joy.png\" alt=\"logo Carway partenaire Cars 'n Joy\" width=\"300\" height=\"110\"><\/p>\n<p>[\/et_pb_text][\/et_pb_column][\/et_pb_row][et_pb_row _builder_version=\u00a0\u00bb4.27.4&Prime; _module_preset=\u00a0\u00bbdefault\u00a0\u00bb global_colors_info=\u00a0\u00bb{}\u00a0\u00bb][et_pb_column type=\u00a0\u00bb4_4&Prime; _builder_version=\u00a0\u00bb4.27.4&Prime; _module_preset=\u00a0\u00bbdefault\u00a0\u00bb global_colors_info=\u00a0\u00bb{}\u00a0\u00bb][et_pb_text admin_label=\u00a0\u00bbWordt partner\u00a0\u00bb _builder_version=\u00a0\u00bb4.27.5&Prime; _module_preset=\u00a0\u00bbdefault\u00a0\u00bb global_colors_info=\u00a0\u00bb{}\u00a0\u00bb]<\/p>\n<a href='\/deelnemen-als-bedrijf\/' class='small-button smallblue'>Deviens partenaire<\/a>\n<p>[\/et_pb_text][\/et_pb_column][\/et_pb_row][\/et_pb_section]<\/p>\n","protected":false},"excerpt":{"rendered":"<p>Participation Cars &lsquo;n Joy Festival Cars \u2019n Joy est bien plus qu\u2019un simple salon de l\u2019auto. Deux jours. Une exp\u00e9rience. Du pur plaisir ! Participe \u00e0 un week-end plein de saveurs, de musique, d\u2019action, de design, de lifestyle, de famille, d\u2019amis et, bien s\u00fbr, d\u2019un m\u00e9lange des voitures les plus exceptionnelles que tu aies jamais [&hellip;]<\/p>\n","protected":false},"author":1,"featured_media":0,"parent":0,"menu_order":0,"comment_status":"closed","ping_status":"closed","template":"","meta":{"_et_pb_use_builder":"on","_et_pb_old_content":"","_et_gb_content_width":"","footnotes":""},"class_list":["post-1683","page","type-page","status-publish","hentry"],"yoast_head":"<!-- This site is optimized with the Yoast SEO plugin v27.0 - https:\/\/yoast.com\/product\/yoast-seo-wordpress\/ -->\n<title>Participation - Cars &#039;n Joy<\/title>\n<meta name=\"robots\" content=\"index, follow, max-snippet:-1, max-image-preview:large, max-video-preview:-1\" \/>\n<link rel=\"canonical\" href=\"https:\/\/www.carsnjoy.nl\/fr\/participation\/\" \/>\n<meta property=\"og:locale\" content=\"fr_FR\" \/>\n<meta property=\"og:type\" content=\"article\" \/>\n<meta property=\"og:title\" content=\"Participation - Cars &#039;n Joy\" \/>\n<meta property=\"og:description\" content=\"Participation Cars &#039;n Joy Festival Cars \u2019n Joy est bien plus qu\u2019un simple salon de l\u2019auto. Deux jours. Une exp\u00e9rience. Du pur plaisir ! Participe \u00e0 un week-end plein de saveurs, de musique, d\u2019action, de design, de lifestyle, de famille, d\u2019amis et, bien s\u00fbr, d\u2019un m\u00e9lange des voitures les plus exceptionnelles que tu aies jamais [&hellip;]\" \/>\n<meta property=\"og:url\" content=\"https:\/\/www.carsnjoy.nl\/fr\/participation\/\" \/>\n<meta property=\"og:site_name\" content=\"Cars &#039;n Joy\" \/>\n<meta property=\"article:modified_time\" content=\"2026-02-23T14:27:26+00:00\" \/>\n<meta property=\"og:image\" content=\"https:\/\/www.carsnjoy.nl\/wp-content\/uploads\/2025\/11\/Autoblog-logo-website.png\" \/>\n\t<meta property=\"og:image:width\" content=\"512\" \/>\n\t<meta property=\"og:image:height\" content=\"280\" \/>\n\t<meta property=\"og:image:type\" content=\"image\/png\" \/>\n<meta name=\"twitter:card\" content=\"summary_large_image\" \/>\n<meta name=\"twitter:label1\" content=\"Dur\u00e9e de lecture estim\u00e9e\" \/>\n\t<meta name=\"twitter:data1\" content=\"6 minutes\" \/>\n<script type=\"application\/ld+json\" class=\"yoast-schema-graph\">{\"@context\":\"https:\/\/schema.org\",\"@graph\":[{\"@type\":\"WebPage\",\"@id\":\"https:\/\/www.carsnjoy.nl\/fr\/participation\/\",\"url\":\"https:\/\/www.carsnjoy.nl\/fr\/participation\/\",\"name\":\"Participation - Cars &#039;n Joy\",\"isPartOf\":{\"@id\":\"https:\/\/www.carsnjoy.nl\/fr\/#website\"},\"primaryImageOfPage\":{\"@id\":\"https:\/\/www.carsnjoy.nl\/fr\/participation\/#primaryimage\"},\"image\":{\"@id\":\"https:\/\/www.carsnjoy.nl\/fr\/participation\/#primaryimage\"},\"thumbnailUrl\":\"https:\/\/www.carsnjoy.nl\/wp-content\/uploads\/2025\/11\/Autoblog-logo-website-300x164.png\",\"datePublished\":\"2025-12-19T15:25:22+00:00\",\"dateModified\":\"2026-02-23T14:27:26+00:00\",\"breadcrumb\":{\"@id\":\"https:\/\/www.carsnjoy.nl\/fr\/participation\/#breadcrumb\"},\"inLanguage\":\"fr-FR\",\"potentialAction\":[{\"@type\":\"ReadAction\",\"target\":[\"https:\/\/www.carsnjoy.nl\/fr\/participation\/\"]}]},{\"@type\":\"ImageObject\",\"inLanguage\":\"fr-FR\",\"@id\":\"https:\/\/www.carsnjoy.nl\/fr\/participation\/#primaryimage\",\"url\":\"https:\/\/www.carsnjoy.nl\/wp-content\/uploads\/2025\/11\/Autoblog-logo-website-300x164.png\",\"contentUrl\":\"https:\/\/www.carsnjoy.nl\/wp-content\/uploads\/2025\/11\/Autoblog-logo-website-300x164.png\"},{\"@type\":\"BreadcrumbList\",\"@id\":\"https:\/\/www.carsnjoy.nl\/fr\/participation\/#breadcrumb\",\"itemListElement\":[{\"@type\":\"ListItem\",\"position\":1,\"name\":\"Home\",\"item\":\"https:\/\/www.carsnjoy.nl\/fr\/accueil\/\"},{\"@type\":\"ListItem\",\"position\":2,\"name\":\"Participation\"}]},{\"@type\":\"WebSite\",\"@id\":\"https:\/\/www.carsnjoy.nl\/fr\/#website\",\"url\":\"https:\/\/www.carsnjoy.nl\/fr\/\",\"name\":\"Cars 'n Joy\",\"description\":\"The weekender 2026\",\"potentialAction\":[{\"@type\":\"SearchAction\",\"target\":{\"@type\":\"EntryPoint\",\"urlTemplate\":\"https:\/\/www.carsnjoy.nl\/fr\/?s={search_term_string}\"},\"query-input\":{\"@type\":\"PropertyValueSpecification\",\"valueRequired\":true,\"valueName\":\"search_term_string\"}}],\"inLanguage\":\"fr-FR\"}]}<\/script>\n<!-- \/ Yoast SEO plugin. -->","yoast_head_json":{"title":"Participation - Cars &#039;n Joy","robots":{"index":"index","follow":"follow","max-snippet":"max-snippet:-1","max-image-preview":"max-image-preview:large","max-video-preview":"max-video-preview:-1"},"canonical":"https:\/\/www.carsnjoy.nl\/fr\/participation\/","og_locale":"fr_FR","og_type":"article","og_title":"Participation - Cars &#039;n Joy","og_description":"Participation Cars 'n Joy Festival Cars \u2019n Joy est bien plus qu\u2019un simple salon de l\u2019auto. Deux jours. Une exp\u00e9rience. Du pur plaisir ! Participe \u00e0 un week-end plein de saveurs, de musique, d\u2019action, de design, de lifestyle, de famille, d\u2019amis et, bien s\u00fbr, d\u2019un m\u00e9lange des voitures les plus exceptionnelles que tu aies jamais [&hellip;]","og_url":"https:\/\/www.carsnjoy.nl\/fr\/participation\/","og_site_name":"Cars &#039;n Joy","article_modified_time":"2026-02-23T14:27:26+00:00","og_image":[{"width":512,"height":280,"url":"https:\/\/www.carsnjoy.nl\/wp-content\/uploads\/2025\/11\/Autoblog-logo-website.png","type":"image\/png"}],"twitter_card":"summary_large_image","twitter_misc":{"Dur\u00e9e de lecture estim\u00e9e":"6 minutes"},"schema":{"@context":"https:\/\/schema.org","@graph":[{"@type":"WebPage","@id":"https:\/\/www.carsnjoy.nl\/fr\/participation\/","url":"https:\/\/www.carsnjoy.nl\/fr\/participation\/","name":"Participation - Cars &#039;n Joy","isPartOf":{"@id":"https:\/\/www.carsnjoy.nl\/fr\/#website"},"primaryImageOfPage":{"@id":"https:\/\/www.carsnjoy.nl\/fr\/participation\/#primaryimage"},"image":{"@id":"https:\/\/www.carsnjoy.nl\/fr\/participation\/#primaryimage"},"thumbnailUrl":"https:\/\/www.carsnjoy.nl\/wp-content\/uploads\/2025\/11\/Autoblog-logo-website-300x164.png","datePublished":"2025-12-19T15:25:22+00:00","dateModified":"2026-02-23T14:27:26+00:00","breadcrumb":{"@id":"https:\/\/www.carsnjoy.nl\/fr\/participation\/#breadcrumb"},"inLanguage":"fr-FR","potentialAction":[{"@type":"ReadAction","target":["https:\/\/www.carsnjoy.nl\/fr\/participation\/"]}]},{"@type":"ImageObject","inLanguage":"fr-FR","@id":"https:\/\/www.carsnjoy.nl\/fr\/participation\/#primaryimage","url":"https:\/\/www.carsnjoy.nl\/wp-content\/uploads\/2025\/11\/Autoblog-logo-website-300x164.png","contentUrl":"https:\/\/www.carsnjoy.nl\/wp-content\/uploads\/2025\/11\/Autoblog-logo-website-300x164.png"},{"@type":"BreadcrumbList","@id":"https:\/\/www.carsnjoy.nl\/fr\/participation\/#breadcrumb","itemListElement":[{"@type":"ListItem","position":1,"name":"Home","item":"https:\/\/www.carsnjoy.nl\/fr\/accueil\/"},{"@type":"ListItem","position":2,"name":"Participation"}]},{"@type":"WebSite","@id":"https:\/\/www.carsnjoy.nl\/fr\/#website","url":"https:\/\/www.carsnjoy.nl\/fr\/","name":"Cars 'n Joy","description":"The weekender 2026","potentialAction":[{"@type":"SearchAction","target":{"@type":"EntryPoint","urlTemplate":"https:\/\/www.carsnjoy.nl\/fr\/?s={search_term_string}"},"query-input":{"@type":"PropertyValueSpecification","valueRequired":true,"valueName":"search_term_string"}}],"inLanguage":"fr-FR"}]}},"_links":{"self":[{"href":"https:\/\/www.carsnjoy.nl\/fr\/wp-json\/wp\/v2\/pages\/1683","targetHints":{"allow":["GET"]}}],"collection":[{"href":"https:\/\/www.carsnjoy.nl\/fr\/wp-json\/wp\/v2\/pages"}],"about":[{"href":"https:\/\/www.carsnjoy.nl\/fr\/wp-json\/wp\/v2\/types\/page"}],"author":[{"embeddable":true,"href":"https:\/\/www.carsnjoy.nl\/fr\/wp-json\/wp\/v2\/users\/1"}],"replies":[{"embeddable":true,"href":"https:\/\/www.carsnjoy.nl\/fr\/wp-json\/wp\/v2\/comments?post=1683"}],"version-history":[{"count":2,"href":"https:\/\/www.carsnjoy.nl\/fr\/wp-json\/wp\/v2\/pages\/1683\/revisions"}],"predecessor-version":[{"id":1685,"href":"https:\/\/www.carsnjoy.nl\/fr\/wp-json\/wp\/v2\/pages\/1683\/revisions\/1685"}],"wp:attachment":[{"href":"https:\/\/www.carsnjoy.nl\/fr\/wp-json\/wp\/v2\/media?parent=1683"}],"curies":[{"name":"wp","href":"https:\/\/api.w.org\/{rel}","templated":true}]}}